{"id":4991,"date":"2025-09-19T18:10:22","date_gmt":"2025-09-19T16:10:22","guid":{"rendered":"https:\/\/2025.sylwia.at\/?page_id=4991"},"modified":"2026-01-27T20:33:27","modified_gmt":"2026-01-27T19:33:27","slug":"mein-angebot","status":"publish","type":"page","link":"https:\/\/sylwia.at\/pl\/mein-angebot\/","title":{"rendered":"Moja oferta"},"content":{"rendered":"<div class=\"fusion-fullwidth fullwidth-box fusion-builder-row-1 fusion-flex-container has-pattern-background has-mask-background nonhundred-percent-fullwidth non-hundred-percent-height-scrolling\" style=\"--awb-border-radius-top-left:0px;--awb-border-radius-top-right:0px;--awb-border-radius-bottom-right:0px;--awb-border-radius-bottom-left:0px;--awb-flex-wrap:wrap;\" ><div class=\"fusion-builder-row fusion-row fusion-flex-align-items-flex-start fusion-flex-content-wrap\" style=\"max-width:1216.8px;margin-left: calc(-4% \/ 2 );margin-right: calc(-4% \/ 2 );\"><div class=\"fusion-layout-column fusion_builder_column fusion-builder-column-0 fusion_builder_column_1_2 1_2 fusion-flex-column\" style=\"--awb-bg-size:cover;--awb-width-large:50%;--awb-margin-top-large:0px;--awb-spacing-right-large:3.84%;--awb-margin-bottom-large:20px;--awb-spacing-left-large:3.84%;--awb-width-medium:100%;--awb-order-medium:0;--awb-spacing-right-medium:1.92%;--awb-spacing-left-medium:1.92%;--awb-width-small:100%;--awb-order-small:0;--awb-spacing-right-small:1.92%;--awb-spacing-left-small:1.92%;\"><div class=\"fusion-column-wrapper fusion-column-has-shadow fusion-flex-justify-content-flex-start fusion-content-layout-column\"><div class=\"fusion-text fusion-text-1\"><h1>Moja oferta<\/h1>\n<p><strong>W moim gabinecie oferuj\u0119:<\/strong><\/p>\n<ul>\n<li class=\"translation-block\">Porad\u0119 psychologiczn\u0105<\/li>\n<li class=\"translation-block\">Terapi\u0119 psychologiczn\u0105<\/li>\n<li class=\"translation-block\">Hipnoz\u0119 kliniczn\u0105 w nurcie ericksonowskim<\/li>\n<li class=\"translation-block\">Techniki relaksacyjne (Trening autogenny, Trening Jacobsona)<\/li>\n<li class=\"translation-block\">Wspieranie rozwoju dziecka autystycznego<\/li>\n<li><strong>Porad\u0119 dla rodzic\u00f3w<\/strong><\/li>\n<li><strong>Rehabilitacj\u0119 neuropsychologiczn\u0105 (wylew, demecja, profilaktyka)<\/strong>\u00a0(nach einem Schlaganfall, in Rahmen der Demenz sowie in Rahmen einer Prophylaxe)<\/li>\n<li class=\"translation-block\">Diagnostyk\u0119 psychologiczn\u0105<\/li>\n<\/ul>\n<p><strong>Ch\u0119tnie udziele porady i terapii w nast\u0119puj\u0105cych (i nie tylko...) kwestiach:<\/strong><\/p>\n<ul>\n<li>Obci\u0105\u017cenia i kryzysy w \u017cyciu zawodowym i prywatnym<\/li>\n<li>Depresja, Wypalenie zawodowe (Burn-out)<\/li>\n<li>\u017ba\u0142oba<\/li>\n<li>Spektrum Autyzmu<\/li>\n<li>Zaburzenia pychosomatyczne<\/li>\n<li>Zaburzenia pychosomatyczne<\/li>\n<li>Diverse psychische Krankheiten<\/li>\n<li>Niepe\u0142nosprawno\u015b\u0107<\/li>\n<li>Radzenie sobie ze stresem, Relaksacja, Trening autogenny, Trening Jacobsona (Progresywny relaks mi\u0119\u015bni)<\/li>\n<li>Rehabilitacja neuropsychologiczna (wylew, demencja)<\/li>\n<\/ul>\n<\/div><\/div><\/div><div class=\"fusion-layout-column fusion_builder_column fusion-builder-column-1 fusion_builder_column_1_2 1_2 fusion-flex-column\" style=\"--awb-bg-size:cover;--awb-width-large:50%;--awb-margin-top-large:0px;--awb-spacing-right-large:3.84%;--awb-margin-bottom-large:20px;--awb-spacing-left-large:3.84%;--awb-width-medium:100%;--awb-order-medium:0;--awb-spacing-right-medium:1.92%;--awb-spacing-left-medium:1.92%;--awb-width-small:100%;--awb-order-small:0;--awb-spacing-right-small:1.92%;--awb-spacing-left-small:1.92%;\"><div class=\"fusion-column-wrapper fusion-column-has-shadow fusion-flex-justify-content-flex-start fusion-content-layout-column\"><div class=\"fusion-image-element\" style=\"--awb-caption-title-font-family:var(--h2_typography-font-family);--awb-caption-title-font-weight:var(--h2_typography-font-weight);--awb-caption-title-font-style:var(--h2_typography-font-style);--awb-caption-title-size:var(--h2_typography-font-size);--awb-caption-title-transform:var(--h2_typography-text-transform);--awb-caption-title-line-height:var(--h2_typography-line-height);--awb-caption-title-letter-spacing:var(--h2_typography-letter-spacing);\"><span class=\"fusion-imageframe imageframe-none imageframe-1 hover-type-none\"><img decoding=\"async\" width=\"1920\" height=\"1281\" alt=\"Termine\" title=\"Termine\" src=\"https:\/\/sylwia.at\/wp-content\/uploads\/2025\/11\/kalender.jpeg\" data-orig-src=\"https:\/\/sylwia.at\/2025\/wp-content\/uploads\/2025\/11\/kalender.jpeg\" class=\"lazyload img-responsive wp-image-5239\" srcset=\"data:image\/svg+xml,%3Csvg%20xmlns%3D%27http%3A%2F%2Fwww.w3.org%2F2000%2Fsvg%27%20width%3D%271920%27%20height%3D%271281%27%20viewBox%3D%270%200%201920%201281%27%3E%3Crect%20width%3D%271920%27%20height%3D%271281%27%20fill-opacity%3D%220%22%2F%3E%3C%2Fsvg%3E\" data-srcset=\"https:\/\/sylwia.at\/wp-content\/uploads\/2025\/11\/kalender-200x133.jpeg 200w, https:\/\/sylwia.at\/wp-content\/uploads\/2025\/11\/kalender-400x267.jpeg 400w, https:\/\/sylwia.at\/wp-content\/uploads\/2025\/11\/kalender-600x400.jpeg 600w, https:\/\/sylwia.at\/wp-content\/uploads\/2025\/11\/kalender-800x534.jpeg 800w, https:\/\/sylwia.at\/wp-content\/uploads\/2025\/11\/kalender-1200x801.jpeg 1200w, https:\/\/sylwia.at\/wp-content\/uploads\/2025\/11\/kalender.jpeg 1920w\" data-sizes=\"auto\" data-orig-sizes=\"(max-width: 1024px) 100vw, (max-width: 640px) 100vw, 600px\" \/><\/span><\/div><\/div><\/div><\/div><\/div>","protected":false},"excerpt":{"rendered":"","protected":false},"author":1,"featured_media":0,"parent":0,"menu_order":0,"comment_status":"closed","ping_status":"closed","template":"","meta":{"footnotes":""},"class_list":["post-4991","page","type-page","status-publish","hentry"],"_links":{"self":[{"href":"https:\/\/sylwia.at\/pl\/wp-json\/wp\/v2\/pages\/4991","targetHints":{"allow":["GET"]}}],"collection":[{"href":"https:\/\/sylwia.at\/pl\/wp-json\/wp\/v2\/pages"}],"about":[{"href":"https:\/\/sylwia.at\/pl\/wp-json\/wp\/v2\/types\/page"}],"author":[{"embeddable":true,"href":"https:\/\/sylwia.at\/pl\/wp-json\/wp\/v2\/users\/1"}],"replies":[{"embeddable":true,"href":"https:\/\/sylwia.at\/pl\/wp-json\/wp\/v2\/comments?post=4991"}],"version-history":[{"count":4,"href":"https:\/\/sylwia.at\/pl\/wp-json\/wp\/v2\/pages\/4991\/revisions"}],"predecessor-version":[{"id":5716,"href":"https:\/\/sylwia.at\/pl\/wp-json\/wp\/v2\/pages\/4991\/revisions\/5716"}],"wp:attachment":[{"href":"https:\/\/sylwia.at\/pl\/wp-json\/wp\/v2\/media?parent=4991"}],"curies":[{"name":"wp","href":"https:\/\/api.w.org\/{rel}","templated":true}]}}