{"id":5001,"date":"2025-09-19T18:11:53","date_gmt":"2025-09-19T16:11:53","guid":{"rendered":"https:\/\/2025.sylwia.at\/?page_id=5001"},"modified":"2026-02-26T16:07:32","modified_gmt":"2026-02-26T15:07:32","slug":"kontakt","status":"publish","type":"page","link":"https:\/\/sylwia.at\/pl\/kontakt\/","title":{"rendered":"Kontakt"},"content":{"rendered":"<p><div class=\"fusion-fullwidth fullwidth-box fusion-builder-row-1 fusion-flex-container has-pattern-background has-mask-background nonhundred-percent-fullwidth non-hundred-percent-height-scrolling\" style=\"--awb-border-radius-top-left:0px;--awb-border-radius-top-right:0px;--awb-border-radius-bottom-right:0px;--awb-border-radius-bottom-left:0px;--awb-flex-wrap:wrap;\" ><div class=\"fusion-builder-row fusion-row fusion-flex-align-items-flex-start fusion-flex-content-wrap\" style=\"max-width:1216.8px;margin-left: calc(-4% \/ 2 );margin-right: calc(-4% \/ 2 );\"><div class=\"fusion-layout-column fusion_builder_column fusion-builder-column-0 fusion_builder_column_1_2 1_2 fusion-flex-column\" style=\"--awb-bg-size:cover;--awb-width-large:50%;--awb-margin-top-large:0px;--awb-spacing-right-large:3.84%;--awb-margin-bottom-large:20px;--awb-spacing-left-large:3.84%;--awb-width-medium:100%;--awb-order-medium:0;--awb-spacing-right-medium:1.92%;--awb-spacing-left-medium:1.92%;--awb-width-small:100%;--awb-order-small:0;--awb-spacing-right-small:1.92%;--awb-spacing-left-small:1.92%;\"><div class=\"fusion-column-wrapper fusion-column-has-shadow fusion-flex-justify-content-flex-start fusion-content-layout-column\"><div class=\"fusion-text fusion-text-1\"><div class=\"main-container content-margin-large\">\n<h1>Kontakt<\/h1>\n<p>Mag. Sylwia Schmidt<br \/>\nGabinet psychologiczny<\/p>\n<p><i class=\"fb-icon-element-1 fb-icon-element fontawesome-icon fa-envelope fas circle-no fusion-text-flow\" style=\"--awb-iconcolor:#000000;--awb-iconcolor-hover:#000000;--awb-font-size:14px;--awb-margin-right:7px;\"><\/i><a href=\"mailto:psychologie@sylwia.at\">psychologie@sylwia.at<\/a><br \/>\n<i class=\"\"><\/i><i class=\"fb-icon-element-2 fb-icon-element fontawesome-icon fa-phone-alt fas circle-no fusion-text-flow\" style=\"--awb-iconcolor:#000000;--awb-iconcolor-hover:#000000;--awb-font-size:14px;--awb-margin-right:7px;\"><\/i>+43 699 107 20 482<\/p>\n<p>Adres:<br \/>\nObere Augartenstra\u00dfe 10\/5<br \/>\n1020 Wien<\/p>\n<\/div>\n<\/div><div class=\"fusion-slider-sc\"><div class=\"fusion-flexslider-loading flexslider flexslider-hover-type-none\" data-slideshow_autoplay=\"1\" data-slideshow_smooth_height=\"0\" data-slideshow_speed=\"5600\" style=\"max-width:100%;height:100%;\"><ul class=\"slides\"><li class=\"image\"><span class=\"lazyload fusion-image-hover-element hover-type-none\"><img decoding=\"async\" src=\"https:\/\/sylwia.at\/wp-content\/uploads\/2026\/02\/praxis1.jpg\" data-orig-src=\"https:\/\/sylwia.at\/wp-content\/uploads\/2026\/02\/praxis1.jpg\" width=\"1800\" height=\"1350\" class=\"lazyload wp-image-5867\" srcset=\"data:image\/svg+xml,%3Csvg%20xmlns%3D%27http%3A%2F%2Fwww.w3.org%2F2000%2Fsvg%27%20width%3D%271800%27%20height%3D%271350%27%20viewBox%3D%270%200%201800%201350%27%3E%3Crect%20width%3D%271800%27%20height%3D%271350%27%20fill-opacity%3D%220%22%2F%3E%3C%2Fsvg%3E\" data-srcset=\"https:\/\/sylwia.at\/wp-content\/uploads\/2026\/02\/praxis1-200x150.jpg 200w, https:\/\/sylwia.at\/wp-content\/uploads\/2026\/02\/praxis1-400x300.jpg 400w, https:\/\/sylwia.at\/wp-content\/uploads\/2026\/02\/praxis1-600x450.jpg 600w, https:\/\/sylwia.at\/wp-content\/uploads\/2026\/02\/praxis1-800x600.jpg 800w, https:\/\/sylwia.at\/wp-content\/uploads\/2026\/02\/praxis1-1200x900.jpg 1200w, https:\/\/sylwia.at\/wp-content\/uploads\/2026\/02\/praxis1.jpg 1800w\" data-sizes=\"auto\" data-orig-sizes=\"(max-width: 1024px) 100vw, (max-width: 640px) 100vw, 600px\" \/><\/span><\/li><li class=\"image\"><span class=\"lazyload fusion-image-hover-element hover-type-none\"><img decoding=\"async\" src=\"https:\/\/sylwia.at\/wp-content\/uploads\/2026\/02\/praxis2.jpg\" data-orig-src=\"https:\/\/sylwia.at\/wp-content\/uploads\/2026\/02\/praxis2.jpg\" width=\"1800\" height=\"1350\" class=\"lazyload wp-image-5868\" srcset=\"data:image\/svg+xml,%3Csvg%20xmlns%3D%27http%3A%2F%2Fwww.w3.org%2F2000%2Fsvg%27%20width%3D%271800%27%20height%3D%271350%27%20viewBox%3D%270%200%201800%201350%27%3E%3Crect%20width%3D%271800%27%20height%3D%271350%27%20fill-opacity%3D%220%22%2F%3E%3C%2Fsvg%3E\" data-srcset=\"https:\/\/sylwia.at\/wp-content\/uploads\/2026\/02\/praxis2-200x150.jpg 200w, https:\/\/sylwia.at\/wp-content\/uploads\/2026\/02\/praxis2-400x300.jpg 400w, https:\/\/sylwia.at\/wp-content\/uploads\/2026\/02\/praxis2-600x450.jpg 600w, https:\/\/sylwia.at\/wp-content\/uploads\/2026\/02\/praxis2-800x600.jpg 800w, https:\/\/sylwia.at\/wp-content\/uploads\/2026\/02\/praxis2-1200x900.jpg 1200w, https:\/\/sylwia.at\/wp-content\/uploads\/2026\/02\/praxis2.jpg 1800w\" data-sizes=\"auto\" data-orig-sizes=\"(max-width: 1024px) 100vw, (max-width: 640px) 100vw, 600px\" \/><\/span><\/li><li class=\"image\"><span class=\"lazyload fusion-image-hover-element hover-type-none\"><img decoding=\"async\" src=\"https:\/\/sylwia.at\/wp-content\/uploads\/2026\/02\/praxis3.jpg\" data-orig-src=\"https:\/\/sylwia.at\/wp-content\/uploads\/2026\/02\/praxis3.jpg\" width=\"1800\" height=\"1350\" class=\"lazyload wp-image-5870\" srcset=\"data:image\/svg+xml,%3Csvg%20xmlns%3D%27http%3A%2F%2Fwww.w3.org%2F2000%2Fsvg%27%20width%3D%271800%27%20height%3D%271350%27%20viewBox%3D%270%200%201800%201350%27%3E%3Crect%20width%3D%271800%27%20height%3D%271350%27%20fill-opacity%3D%220%22%2F%3E%3C%2Fsvg%3E\" data-srcset=\"https:\/\/sylwia.at\/wp-content\/uploads\/2026\/02\/praxis3-200x150.jpg 200w, https:\/\/sylwia.at\/wp-content\/uploads\/2026\/02\/praxis3-400x300.jpg 400w, https:\/\/sylwia.at\/wp-content\/uploads\/2026\/02\/praxis3-600x450.jpg 600w, https:\/\/sylwia.at\/wp-content\/uploads\/2026\/02\/praxis3-800x600.jpg 800w, https:\/\/sylwia.at\/wp-content\/uploads\/2026\/02\/praxis3-1200x900.jpg 1200w, https:\/\/sylwia.at\/wp-content\/uploads\/2026\/02\/praxis3.jpg 1800w\" data-sizes=\"auto\" data-orig-sizes=\"(max-width: 1024px) 100vw, (max-width: 640px) 100vw, 600px\" \/><\/span><\/li><li class=\"image\"><span class=\"lazyload fusion-image-hover-element hover-type-none\"><img decoding=\"async\" src=\"https:\/\/sylwia.at\/wp-content\/uploads\/2026\/02\/praxis4.jpg\" data-orig-src=\"https:\/\/sylwia.at\/wp-content\/uploads\/2026\/02\/praxis4.jpg\" width=\"1800\" height=\"1350\" class=\"lazyload wp-image-5871\" srcset=\"data:image\/svg+xml,%3Csvg%20xmlns%3D%27http%3A%2F%2Fwww.w3.org%2F2000%2Fsvg%27%20width%3D%271800%27%20height%3D%271350%27%20viewBox%3D%270%200%201800%201350%27%3E%3Crect%20width%3D%271800%27%20height%3D%271350%27%20fill-opacity%3D%220%22%2F%3E%3C%2Fsvg%3E\" data-srcset=\"https:\/\/sylwia.at\/wp-content\/uploads\/2026\/02\/praxis4-200x150.jpg 200w, https:\/\/sylwia.at\/wp-content\/uploads\/2026\/02\/praxis4-400x300.jpg 400w, https:\/\/sylwia.at\/wp-content\/uploads\/2026\/02\/praxis4-600x450.jpg 600w, https:\/\/sylwia.at\/wp-content\/uploads\/2026\/02\/praxis4-800x600.jpg 800w, https:\/\/sylwia.at\/wp-content\/uploads\/2026\/02\/praxis4-1200x900.jpg 1200w, https:\/\/sylwia.at\/wp-content\/uploads\/2026\/02\/praxis4.jpg 1800w\" data-sizes=\"auto\" data-orig-sizes=\"(max-width: 1024px) 100vw, (max-width: 640px) 100vw, 600px\" \/><\/span><\/li><\/ul><\/div><\/div><\/div><\/div><div class=\"fusion-layout-column fusion_builder_column fusion-builder-column-1 fusion_builder_column_1_2 1_2 fusion-flex-column\" style=\"--awb-padding-top:20px;--awb-bg-size:cover;--awb-width-large:50%;--awb-margin-top-large:75px;--awb-spacing-right-large:3.84%;--awb-margin-bottom-large:20px;--awb-spacing-left-large:3.84%;--awb-width-medium:100%;--awb-order-medium:0;--awb-margin-top-medium:1opx;--awb-spacing-right-medium:1.92%;--awb-spacing-left-medium:1.92%;--awb-width-small:100%;--awb-order-small:0;--awb-margin-top-small:10px;--awb-spacing-right-small:1.92%;--awb-spacing-left-small:1.92%;\" data-scroll-devices=\"small-visibility,medium-visibility,large-visibility\"><div class=\"fusion-column-wrapper fusion-column-has-shadow fusion-flex-justify-content-flex-start fusion-content-layout-column\"><div class=\"fusion-text fusion-text-2\"><div class=\"main-container content-margin-large\">\n<p>Je\u015bli nie uda si\u0119 Pa\u0144stwu do mnie dodzwoni\u0107, prosz\u0119 o kr\u00f3tkiego SMS-a z wiadomo\u015bci\u0105, w jakiej sprawie potrzebuj\u0105 Pa\u0144stwo pomocy. Oddzwoni\u0119 tak szybko, jak to mo\u017cliwe.<\/p>\n<\/div>\n<\/div><\/div><\/div><\/div><\/div><div class=\"fusion-fullwidth fullwidth-box fusion-builder-row-2 fusion-flex-container has-pattern-background has-mask-background nonhundred-percent-fullwidth non-hundred-percent-height-scrolling\" style=\"--awb-border-radius-top-left:0px;--awb-border-radius-top-right:0px;--awb-border-radius-bottom-right:0px;--awb-border-radius-bottom-left:0px;--awb-flex-wrap:wrap;\" ><div class=\"fusion-builder-row fusion-row fusion-flex-align-items-flex-start fusion-flex-content-wrap\" style=\"max-width:1216.8px;margin-left: calc(-4% \/ 2 );margin-right: calc(-4% \/ 2 );\"><div class=\"fusion-layout-column fusion_builder_column fusion-builder-column-2 fusion_builder_column_1_1 1_1 fusion-flex-column\" style=\"--awb-bg-size:cover;--awb-width-large:100%;--awb-margin-top-large:0px;--awb-spacing-right-large:1.92%;--awb-margin-bottom-large:20px;--awb-spacing-left-large:1.92%;--awb-width-medium:100%;--awb-order-medium:0;--awb-spacing-right-medium:1.92%;--awb-spacing-left-medium:1.92%;--awb-width-small:100%;--awb-order-small:0;--awb-spacing-right-small:1.92%;--awb-spacing-left-small:1.92%;\"><div class=\"fusion-column-wrapper fusion-column-has-shadow fusion-flex-justify-content-flex-start fusion-content-layout-column\">        <iframe class=\"lazyload\" src=\"data:image\/svg+xml,%3Csvg%20xmlns%3D%27http%3A%2F%2Fwww.w3.org%2F2000%2Fsvg%27%20width%3D%271400%27%20height%3D%27450%27%20viewBox%3D%270%200%201400%20450%27%3E%3Crect%20width%3D%271400%27%20height%3D%27450%27%20fill-opacity%3D%220%22%2F%3E%3C%2Fsvg%3E\" data-orig-src=\"https:\/\/www.google.com\/maps\/embed?pb=!1m18!1m12!1m3!1d2658.0392709208772!2d16.36904031616012!3d48.22511837923047!2m3!1f0!2f0!3f0!3m2!1i1024!2i768!4f13.1!3m3!1m2!1s0x476d07b185373b1b%3A0xe2b6f4f317ee4957!2sObere+Augartenstra%C3%9Fe+10%2C+1020+Wien!5e0!3m2!1sde!2sat!4v1563062002577!5m2!1sde!2sat\"\n                loading=\"lazy\" width=\"1400\" height=\"450\" frameborder=\"0\" style=\"max-width: 100%; border:0\" allowfullscreen>\n        <\/iframe>\n<\/div><\/div><\/div><\/div><\/p>","protected":false},"excerpt":{"rendered":"","protected":false},"author":1,"featured_media":0,"parent":0,"menu_order":0,"comment_status":"closed","ping_status":"closed","template":"","meta":{"footnotes":""},"class_list":["post-5001","page","type-page","status-publish","hentry"],"_links":{"self":[{"href":"https:\/\/sylwia.at\/pl\/wp-json\/wp\/v2\/pages\/5001","targetHints":{"allow":["GET"]}}],"collection":[{"href":"https:\/\/sylwia.at\/pl\/wp-json\/wp\/v2\/pages"}],"about":[{"href":"https:\/\/sylwia.at\/pl\/wp-json\/wp\/v2\/types\/page"}],"author":[{"embeddable":true,"href":"https:\/\/sylwia.at\/pl\/wp-json\/wp\/v2\/users\/1"}],"replies":[{"embeddable":true,"href":"https:\/\/sylwia.at\/pl\/wp-json\/wp\/v2\/comments?post=5001"}],"version-history":[{"count":28,"href":"https:\/\/sylwia.at\/pl\/wp-json\/wp\/v2\/pages\/5001\/revisions"}],"predecessor-version":[{"id":5877,"href":"https:\/\/sylwia.at\/pl\/wp-json\/wp\/v2\/pages\/5001\/revisions\/5877"}],"wp:attachment":[{"href":"https:\/\/sylwia.at\/pl\/wp-json\/wp\/v2\/media?parent=5001"}],"curies":[{"name":"wp","href":"https:\/\/api.w.org\/{rel}","templated":true}]}}