{"id":5211,"date":"2025-11-11T11:29:28","date_gmt":"2025-11-11T10:29:28","guid":{"rendered":"https:\/\/sylwia.at\/2025?page_id=5211"},"modified":"2025-12-19T12:04:17","modified_gmt":"2025-12-19T11:04:17","slug":"autismus-diagnostik","status":"publish","type":"page","link":"https:\/\/sylwia.at\/pl\/diagnostik\/autismus-diagnostik\/","title":{"rendered":"Diagnoza Autyzmu"},"content":{"rendered":"<div class=\"fusion-fullwidth fullwidth-box fusion-builder-row-1 fusion-flex-container has-pattern-background has-mask-background nonhundred-percent-fullwidth non-hundred-percent-height-scrolling\" style=\"--awb-border-radius-top-left:0px;--awb-border-radius-top-right:0px;--awb-border-radius-bottom-right:0px;--awb-border-radius-bottom-left:0px;--awb-flex-wrap:wrap;\" ><div class=\"fusion-builder-row fusion-row fusion-flex-align-items-flex-start fusion-flex-content-wrap\" style=\"max-width:1216.8px;margin-left: calc(-4% \/ 2 );margin-right: calc(-4% \/ 2 );\"><div class=\"fusion-layout-column fusion_builder_column fusion-builder-column-0 fusion_builder_column_3_5 3_5 fusion-flex-column\" style=\"--awb-bg-size:cover;--awb-width-large:60%;--awb-margin-top-large:0px;--awb-spacing-right-large:3.2%;--awb-margin-bottom-large:20px;--awb-spacing-left-large:3.2%;--awb-width-medium:100%;--awb-order-medium:0;--awb-spacing-right-medium:1.92%;--awb-spacing-left-medium:1.92%;--awb-width-small:100%;--awb-order-small:0;--awb-spacing-right-small:1.92%;--awb-spacing-left-small:1.92%;\"><div class=\"fusion-column-wrapper fusion-column-has-shadow fusion-flex-justify-content-flex-start fusion-content-layout-column\"><div class=\"fusion-text fusion-text-1\"><div class=\"main-container content-margin-large\">\n<h1 class=\"fusion-responsive-typography-calculated\" style=\"--fontsize: 30; line-height: 1.35;\" data-fontsize=\"30\" data-lineheight=\"40.5px\">Diagnostyka zaburze\u0144 ze spektrum autyzmu (ASD) dla doros\u0142ych<\/h1>\n<\/div>\n<div class=\"main-container content-margin-large\">\n<div class=\"flex-container-between\">\n<div class=\"one-of-two\">\n<div class=\"anchor\">\n<div id=\"uebersicht\">\n<p>Proces diagnostyczny ASD sk\u0142ada si\u0119 z trzech spotka\u0144:<\/p>\n<ul>\n<li>Wywiad \u2013 do 50 minut<\/li>\n<li>ADOS (test obserwacyjny z pytaniami i zadaniami) - do 75 minut<\/li>\n<li>Om\u00f3wienie wynik\u00f3w i konsultacja \u2013 50 minut.<\/li>\n<\/ul>\n<p>Podczas pierwszej wizyty otrzymaj\u0105 Pa\u0144stwo ankiety do wype\u0142nienia dla siebie, a je\u015bli to mo\u017cliwe, tak\u017ce dla mamy czy taty. Przewiduj\u0119 r\u00f3wnie\u017c przeprowadzenie wywiadu z jednym z rodzic\u00f3w, wystarczy rozmowa telefoniczna, poniewa\u017c w diagnostyce autyzmu wa\u017cny jest wczesny etap rozwoju dziecka. Je\u017celi to niemo\u017cliwe lub utrudnione, alternatywnie mo\u017cemy przeprowadzi\u0107 wywiad z kim\u015b bliskim, na przyk\u0142ad z wsp\u00f3\u0142lokatorem czy partnerem.<\/p>\n<p>Je\u015bli maj\u0105 Pa\u0144stwo w\u0105tpliwo\u015bci, czy podda\u0107 si\u0119 ca\u0142emu procesowi diagnostycznemu, zapraszam do um\u00f3wienia si\u0119 na wst\u0119pn\u0105 konsultacj\u0119. Pomo\u017ce ona zdecydowa\u0107, czy pa\u0144stwa podejrzenia o ASD s\u0105 na tyle uzasadnione, aby rozpocz\u0105\u0107 diagnoz\u0119.<\/p>\n<\/div>\n<\/div>\n<\/div>\n<\/div>\n<\/div>\n<\/div><\/div><\/div><div class=\"fusion-layout-column fusion_builder_column fusion-builder-column-1 fusion_builder_column_2_5 2_5 fusion-flex-column\" style=\"--awb-padding-top:20px;--awb-bg-size:cover;--awb-width-large:40%;--awb-margin-top-large:0px;--awb-spacing-right-large:4.8%;--awb-margin-bottom-large:20px;--awb-spacing-left-large:4.8%;--awb-width-medium:100%;--awb-order-medium:0;--awb-spacing-right-medium:1.92%;--awb-spacing-left-medium:1.92%;--awb-width-small:100%;--awb-order-small:0;--awb-spacing-right-small:1.92%;--awb-spacing-left-small:1.92%;\" data-scroll-devices=\"small-visibility,medium-visibility,large-visibility\"><div class=\"fusion-column-wrapper fusion-column-has-shadow fusion-flex-justify-content-flex-start fusion-content-layout-column\"><div class=\"fusion-image-element\" style=\"--awb-caption-title-font-family:var(--h2_typography-font-family);--awb-caption-title-font-weight:var(--h2_typography-font-weight);--awb-caption-title-font-style:var(--h2_typography-font-style);--awb-caption-title-size:var(--h2_typography-font-size);--awb-caption-title-transform:var(--h2_typography-text-transform);--awb-caption-title-line-height:var(--h2_typography-line-height);--awb-caption-title-letter-spacing:var(--h2_typography-letter-spacing);\"><span class=\"fusion-imageframe imageframe-none imageframe-1 hover-type-none\"><img decoding=\"async\" width=\"1000\" height=\"1000\" title=\"AdobeStock_508324578 Kopie\" src=\"https:\/\/sylwia.at\/wp-content\/uploads\/2025\/12\/AdobeStock_508324578-Kopie.webp\" data-orig-src=\"https:\/\/sylwia.at\/2025\/wp-content\/uploads\/2025\/12\/AdobeStock_508324578-Kopie.webp\" alt class=\"lazyload img-responsive wp-image-5424\" srcset=\"data:image\/svg+xml,%3Csvg%20xmlns%3D%27http%3A%2F%2Fwww.w3.org%2F2000%2Fsvg%27%20width%3D%271000%27%20height%3D%271000%27%20viewBox%3D%270%200%201000%201000%27%3E%3Crect%20width%3D%271000%27%20height%3D%271000%27%20fill-opacity%3D%220%22%2F%3E%3C%2Fsvg%3E\" data-srcset=\"https:\/\/sylwia.at\/wp-content\/uploads\/2025\/12\/AdobeStock_508324578-Kopie-66x66.webp 66w, https:\/\/sylwia.at\/wp-content\/uploads\/2025\/12\/AdobeStock_508324578-Kopie-150x150.webp 150w, https:\/\/sylwia.at\/wp-content\/uploads\/2025\/12\/AdobeStock_508324578-Kopie-200x200.webp 200w, https:\/\/sylwia.at\/wp-content\/uploads\/2025\/12\/AdobeStock_508324578-Kopie-300x300.webp 300w, https:\/\/sylwia.at\/wp-content\/uploads\/2025\/12\/AdobeStock_508324578-Kopie-400x400.webp 400w, https:\/\/sylwia.at\/wp-content\/uploads\/2025\/12\/AdobeStock_508324578-Kopie-600x600.webp 600w, https:\/\/sylwia.at\/wp-content\/uploads\/2025\/12\/AdobeStock_508324578-Kopie-768x768.webp 768w, https:\/\/sylwia.at\/wp-content\/uploads\/2025\/12\/AdobeStock_508324578-Kopie-800x800.webp 800w, https:\/\/sylwia.at\/wp-content\/uploads\/2025\/12\/AdobeStock_508324578-Kopie.webp 1000w\" data-sizes=\"auto\" data-orig-sizes=\"(max-width: 1024px) 100vw, (max-width: 640px) 100vw, 600px\" \/><\/span><\/div><\/div><\/div><\/div><\/div>","protected":false},"excerpt":{"rendered":"","protected":false},"author":1,"featured_media":0,"parent":5043,"menu_order":0,"comment_status":"closed","ping_status":"closed","template":"","meta":{"footnotes":""},"class_list":["post-5211","page","type-page","status-publish","hentry"],"_links":{"self":[{"href":"https:\/\/sylwia.at\/pl\/wp-json\/wp\/v2\/pages\/5211","targetHints":{"allow":["GET"]}}],"collection":[{"href":"https:\/\/sylwia.at\/pl\/wp-json\/wp\/v2\/pages"}],"about":[{"href":"https:\/\/sylwia.at\/pl\/wp-json\/wp\/v2\/types\/page"}],"author":[{"embeddable":true,"href":"https:\/\/sylwia.at\/pl\/wp-json\/wp\/v2\/users\/1"}],"replies":[{"embeddable":true,"href":"https:\/\/sylwia.at\/pl\/wp-json\/wp\/v2\/comments?post=5211"}],"version-history":[{"count":10,"href":"https:\/\/sylwia.at\/pl\/wp-json\/wp\/v2\/pages\/5211\/revisions"}],"predecessor-version":[{"id":5426,"href":"https:\/\/sylwia.at\/pl\/wp-json\/wp\/v2\/pages\/5211\/revisions\/5426"}],"up":[{"embeddable":true,"href":"https:\/\/sylwia.at\/pl\/wp-json\/wp\/v2\/pages\/5043"}],"wp:attachment":[{"href":"https:\/\/sylwia.at\/pl\/wp-json\/wp\/v2\/media?parent=5211"}],"curies":[{"name":"wp","href":"https:\/\/api.w.org\/{rel}","templated":true}]}}