{"id":5214,"date":"2025-11-11T11:34:40","date_gmt":"2025-11-11T10:34:40","guid":{"rendered":"https:\/\/sylwia.at\/2025?page_id=5214"},"modified":"2025-12-19T11:56:33","modified_gmt":"2025-12-19T10:56:33","slug":"adipositas-diagnostik","status":"publish","type":"page","link":"https:\/\/sylwia.at\/pl\/diagnostik\/adipositas-diagnostik\/","title":{"rendered":"Orzeczenie Adipositas"},"content":{"rendered":"<div class=\"fusion-fullwidth fullwidth-box fusion-builder-row-1 fusion-flex-container has-pattern-background has-mask-background nonhundred-percent-fullwidth non-hundred-percent-height-scrolling\" style=\"--awb-border-radius-top-left:0px;--awb-border-radius-top-right:0px;--awb-border-radius-bottom-right:0px;--awb-border-radius-bottom-left:0px;--awb-flex-wrap:wrap;\" ><div class=\"fusion-builder-row fusion-row fusion-flex-align-items-flex-start fusion-flex-content-wrap\" style=\"max-width:1216.8px;margin-left: calc(-4% \/ 2 );margin-right: calc(-4% \/ 2 );\"><div class=\"fusion-layout-column fusion_builder_column fusion-builder-column-0 fusion_builder_column_3_5 3_5 fusion-flex-column\" style=\"--awb-bg-size:cover;--awb-width-large:60%;--awb-margin-top-large:0px;--awb-spacing-right-large:3.2%;--awb-margin-bottom-large:20px;--awb-spacing-left-large:3.2%;--awb-width-medium:100%;--awb-order-medium:0;--awb-spacing-right-medium:1.92%;--awb-spacing-left-medium:1.92%;--awb-width-small:100%;--awb-order-small:0;--awb-spacing-right-small:1.92%;--awb-spacing-left-small:1.92%;\"><div class=\"fusion-column-wrapper fusion-column-has-shadow fusion-flex-justify-content-flex-start fusion-content-layout-column\"><div class=\"fusion-text fusion-text-1\"><div class=\"main-container content-margin-large\">\n<h1>Orzeczenie Adipositas<\/h1>\n<\/div>\n<div class=\"main-container content-margin-large\">\n<div class=\"flex-container-between\">\n<div class=\"one-of-two\">\n<div class=\"anchor\">\n<div id=\"uebersicht\">\n<p>Aby przyst\u0105pi\u0107 do operacji popularnie nazywanej \u201ezmniejszeniem \u017co\u0142\u0105dka\u201c konieczna jest opinia psychologiczna. Opinia ta ma na celu stwierdzenie, czy pacjent b\u0119dzie w stanie, z psychologicznego punktu widzenia, podo\u0142a\u0107 trudom operacji i wi\u0105\u017c\u0105cej si\u0119 z ni\u0105 rehabilitacji. Na orzeczenie sk\u0142adaj\u0105 si\u0119 dwa spotkania (w sumie od dw\u00f3ch do maksymalnie trzech godzin) podczas kt\u00f3rych zostanie przeprowadzony wywiad oraz testy psychologiczne (kwestionariusze do wype\u0142nienia). R\u00f3wnie\u017c w kwesti wsparcia psychologicznego po operacji jestem do pa\u0144stwa dyspozycji.<\/p>\n<\/div>\n<\/div>\n<\/div>\n<\/div>\n<\/div>\n<\/div><\/div><\/div><div class=\"fusion-layout-column fusion_builder_column fusion-builder-column-1 fusion_builder_column_2_5 2_5 fusion-flex-column\" style=\"--awb-padding-top:20px;--awb-bg-size:cover;--awb-width-large:40%;--awb-margin-top-large:0px;--awb-spacing-right-large:4.8%;--awb-margin-bottom-large:20px;--awb-spacing-left-large:4.8%;--awb-width-medium:100%;--awb-order-medium:0;--awb-spacing-right-medium:1.92%;--awb-spacing-left-medium:1.92%;--awb-width-small:100%;--awb-order-small:0;--awb-spacing-right-small:1.92%;--awb-spacing-left-small:1.92%;\" data-scroll-devices=\"small-visibility,medium-visibility,large-visibility\"><div class=\"fusion-column-wrapper fusion-column-has-shadow fusion-flex-justify-content-flex-start fusion-content-layout-column\"><div class=\"fusion-image-element\" style=\"--awb-caption-title-font-family:var(--h2_typography-font-family);--awb-caption-title-font-weight:var(--h2_typography-font-weight);--awb-caption-title-font-style:var(--h2_typography-font-style);--awb-caption-title-size:var(--h2_typography-font-size);--awb-caption-title-transform:var(--h2_typography-text-transform);--awb-caption-title-line-height:var(--h2_typography-line-height);--awb-caption-title-letter-spacing:var(--h2_typography-letter-spacing);\"><span class=\"fusion-imageframe imageframe-none imageframe-1 hover-type-none\"><img decoding=\"async\" width=\"1920\" height=\"1280\" title=\"Jeans\" src=\"https:\/\/sylwia.at\/wp-content\/uploads\/2025\/12\/adipositas-begutachtung.jpeg\" data-orig-src=\"https:\/\/sylwia.at\/2025\/wp-content\/uploads\/2025\/12\/adipositas-begutachtung.jpeg\" alt class=\"lazyload img-responsive wp-image-5413\" srcset=\"data:image\/svg+xml,%3Csvg%20xmlns%3D%27http%3A%2F%2Fwww.w3.org%2F2000%2Fsvg%27%20width%3D%271920%27%20height%3D%271280%27%20viewBox%3D%270%200%201920%201280%27%3E%3Crect%20width%3D%271920%27%20height%3D%271280%27%20fill-opacity%3D%220%22%2F%3E%3C%2Fsvg%3E\" data-srcset=\"https:\/\/sylwia.at\/wp-content\/uploads\/2025\/12\/adipositas-begutachtung-200x133.jpeg 200w, https:\/\/sylwia.at\/wp-content\/uploads\/2025\/12\/adipositas-begutachtung-400x267.jpeg 400w, https:\/\/sylwia.at\/wp-content\/uploads\/2025\/12\/adipositas-begutachtung-600x400.jpeg 600w, https:\/\/sylwia.at\/wp-content\/uploads\/2025\/12\/adipositas-begutachtung-800x533.jpeg 800w, https:\/\/sylwia.at\/wp-content\/uploads\/2025\/12\/adipositas-begutachtung-1200x800.jpeg 1200w, https:\/\/sylwia.at\/wp-content\/uploads\/2025\/12\/adipositas-begutachtung.jpeg 1920w\" data-sizes=\"auto\" data-orig-sizes=\"(max-width: 1024px) 100vw, (max-width: 640px) 100vw, 600px\" \/><\/span><\/div><\/div><\/div><\/div><\/div>","protected":false},"excerpt":{"rendered":"","protected":false},"author":1,"featured_media":0,"parent":5043,"menu_order":0,"comment_status":"closed","ping_status":"closed","template":"","meta":{"footnotes":""},"class_list":["post-5214","page","type-page","status-publish","hentry"],"_links":{"self":[{"href":"https:\/\/sylwia.at\/pl\/wp-json\/wp\/v2\/pages\/5214","targetHints":{"allow":["GET"]}}],"collection":[{"href":"https:\/\/sylwia.at\/pl\/wp-json\/wp\/v2\/pages"}],"about":[{"href":"https:\/\/sylwia.at\/pl\/wp-json\/wp\/v2\/types\/page"}],"author":[{"embeddable":true,"href":"https:\/\/sylwia.at\/pl\/wp-json\/wp\/v2\/users\/1"}],"replies":[{"embeddable":true,"href":"https:\/\/sylwia.at\/pl\/wp-json\/wp\/v2\/comments?post=5214"}],"version-history":[{"count":3,"href":"https:\/\/sylwia.at\/pl\/wp-json\/wp\/v2\/pages\/5214\/revisions"}],"predecessor-version":[{"id":5415,"href":"https:\/\/sylwia.at\/pl\/wp-json\/wp\/v2\/pages\/5214\/revisions\/5415"}],"up":[{"embeddable":true,"href":"https:\/\/sylwia.at\/pl\/wp-json\/wp\/v2\/pages\/5043"}],"wp:attachment":[{"href":"https:\/\/sylwia.at\/pl\/wp-json\/wp\/v2\/media?parent=5214"}],"curies":[{"name":"wp","href":"https:\/\/api.w.org\/{rel}","templated":true}]}}