{"id":5219,"date":"2025-11-11T11:36:34","date_gmt":"2025-11-11T10:36:34","guid":{"rendered":"https:\/\/sylwia.at\/2025?page_id=5219"},"modified":"2025-12-19T12:07:52","modified_gmt":"2025-12-19T11:07:52","slug":"hypnotherapie","status":"publish","type":"page","link":"https:\/\/sylwia.at\/pl\/themen\/hypnotherapie\/","title":{"rendered":"Hipnoterapia"},"content":{"rendered":"<div class=\"fusion-fullwidth fullwidth-box fusion-builder-row-1 fusion-flex-container has-pattern-background has-mask-background nonhundred-percent-fullwidth non-hundred-percent-height-scrolling\" style=\"--awb-border-radius-top-left:0px;--awb-border-radius-top-right:0px;--awb-border-radius-bottom-right:0px;--awb-border-radius-bottom-left:0px;--awb-flex-wrap:wrap;\" ><div class=\"fusion-builder-row fusion-row fusion-flex-align-items-flex-start fusion-flex-content-wrap\" style=\"max-width:1216.8px;margin-left: calc(-4% \/ 2 );margin-right: calc(-4% \/ 2 );\"><div class=\"fusion-layout-column fusion_builder_column fusion-builder-column-0 fusion_builder_column_3_5 3_5 fusion-flex-column\" style=\"--awb-bg-size:cover;--awb-width-large:60%;--awb-margin-top-large:0px;--awb-spacing-right-large:3.2%;--awb-margin-bottom-large:20px;--awb-spacing-left-large:3.2%;--awb-width-medium:100%;--awb-order-medium:0;--awb-spacing-right-medium:1.92%;--awb-spacing-left-medium:1.92%;--awb-width-small:100%;--awb-order-small:0;--awb-spacing-right-small:1.92%;--awb-spacing-left-small:1.92%;\"><div class=\"fusion-column-wrapper fusion-column-has-shadow fusion-flex-justify-content-flex-start fusion-content-layout-column\"><div class=\"fusion-text fusion-text-1\"><div class=\"main-container content-margin-large\">\n<h1>Hipnoterapia<\/h1>\n<p>Hipnoza kliniczna w nurcie Erickskonowskim nie ma nic wsp\u00f3lnego z tym co mo\u017ce znaj\u0105 Pa\u0144stwo z telewizji czy internetu, gdzie na scenie podczas magicznego wyst\u0119pu \u201ehipnotyzer\u201c zmusza kogo\u015b z publiczno\u015bci do wykonania czynno\u015bci kt\u00f3rej normalnie nigdy by nie zrobi\u0142. Wszystko dla \u201eschow\u201c. Hipnoza terapeutyczna ma na cela prac\u0119 z wewn\u0119trznymi \u201eobrazami\u201c i odczuciami. Takimi kt\u00f3re s\u0105 nam \u015bwiadome jedynie w nieznacznym stopniu b\u0105d\u017a wcale. Pacjenci cz\u0119sto skar\u017c\u0105 si\u0119 np: \u201echcia\u0142bm rzuci\u0107 palenie ale nie mog\u0119\u201c, albo \u201ewiem, \u017ce nie mam powodu by si\u0119 ba\u0107, a mimo to nachodzi mnie paniczny strach\u201c itd. Cz\u0119sto robimy rzeczy kt\u00f3rych wcale nie chcemy robi\u0107, maj\u0105c jednocze\u015bnie poczucie, \u017ce nie mamy na to wp\u0142ywu. Serce nie zawsze idzie w parze z rozumem. W podej\u015bciu hipnosytemicznym, tak jak i w \u017cyciu nie chodzi o to by pod\u0105\u017ca\u0107 tylko za sercem, b\u0105d\u017a tylko za rozumem, ale o to by m\u0105drze po\u0142\u0105czy\u0107 obie te si\u0142y we wsp\u00f3\u0142pracy. W hinpoterapii staramy si\u0119 ka\u017cdemu zachowaniu, nawet najbardziej niesprzyjaj\u0105cemu nada\u0107 znaczenie. Nie chodzi o toby co\u015b pokona\u0107, a o to by grzecznie poprosi\u0107 \u017ceby po\u017cegna\u0142o si\u0119 samo.<\/p>\n<\/div>\n<\/div><\/div><\/div><div class=\"fusion-layout-column fusion_builder_column fusion-builder-column-1 fusion_builder_column_2_5 2_5 fusion-flex-column\" style=\"--awb-padding-top:20px;--awb-bg-size:cover;--awb-width-large:40%;--awb-margin-top-large:0px;--awb-spacing-right-large:4.8%;--awb-margin-bottom-large:20px;--awb-spacing-left-large:4.8%;--awb-width-medium:100%;--awb-order-medium:0;--awb-spacing-right-medium:1.92%;--awb-spacing-left-medium:1.92%;--awb-width-small:100%;--awb-order-small:0;--awb-spacing-right-small:1.92%;--awb-spacing-left-small:1.92%;\" data-scroll-devices=\"small-visibility,medium-visibility,large-visibility\"><div class=\"fusion-column-wrapper fusion-column-has-shadow fusion-flex-justify-content-flex-start fusion-content-layout-column\"><div class=\"fusion-image-element\" style=\"--awb-caption-title-font-family:var(--h2_typography-font-family);--awb-caption-title-font-weight:var(--h2_typography-font-weight);--awb-caption-title-font-style:var(--h2_typography-font-style);--awb-caption-title-size:var(--h2_typography-font-size);--awb-caption-title-transform:var(--h2_typography-text-transform);--awb-caption-title-line-height:var(--h2_typography-line-height);--awb-caption-title-letter-spacing:var(--h2_typography-letter-spacing);\"><span class=\"fusion-imageframe imageframe-none imageframe-1 hover-type-none\"><img decoding=\"async\" width=\"1440\" height=\"1440\" title=\"Reflection of forest and sun in water\" src=\"https:\/\/sylwia.at\/wp-content\/uploads\/2025\/12\/hypnose-e1766142458188.jpeg\" data-orig-src=\"https:\/\/sylwia.at\/2025\/wp-content\/uploads\/2025\/12\/hypnose-e1766142458188.jpeg\" alt class=\"lazyload img-responsive wp-image-5427\" srcset=\"data:image\/svg+xml,%3Csvg%20xmlns%3D%27http%3A%2F%2Fwww.w3.org%2F2000%2Fsvg%27%20width%3D%271440%27%20height%3D%271440%27%20viewBox%3D%270%200%201440%201440%27%3E%3Crect%20width%3D%271440%27%20height%3D%271440%27%20fill-opacity%3D%220%22%2F%3E%3C%2Fsvg%3E\" data-srcset=\"https:\/\/sylwia.at\/wp-content\/uploads\/2025\/12\/hypnose-e1766142458188-200x200.jpeg 200w, https:\/\/sylwia.at\/wp-content\/uploads\/2025\/12\/hypnose-e1766142458188-400x400.jpeg 400w, https:\/\/sylwia.at\/wp-content\/uploads\/2025\/12\/hypnose-e1766142458188-600x600.jpeg 600w, https:\/\/sylwia.at\/wp-content\/uploads\/2025\/12\/hypnose-e1766142458188-800x800.jpeg 800w, https:\/\/sylwia.at\/wp-content\/uploads\/2025\/12\/hypnose-e1766142458188-1200x1200.jpeg 1200w, https:\/\/sylwia.at\/wp-content\/uploads\/2025\/12\/hypnose-e1766142458188.jpeg 1440w\" data-sizes=\"auto\" data-orig-sizes=\"(max-width: 1024px) 100vw, (max-width: 640px) 100vw, 600px\" \/><\/span><\/div><\/div><\/div><\/div><\/div>","protected":false},"excerpt":{"rendered":"","protected":false},"author":1,"featured_media":0,"parent":4995,"menu_order":0,"comment_status":"closed","ping_status":"closed","template":"","meta":{"footnotes":""},"class_list":["post-5219","page","type-page","status-publish","hentry"],"_links":{"self":[{"href":"https:\/\/sylwia.at\/pl\/wp-json\/wp\/v2\/pages\/5219","targetHints":{"allow":["GET"]}}],"collection":[{"href":"https:\/\/sylwia.at\/pl\/wp-json\/wp\/v2\/pages"}],"about":[{"href":"https:\/\/sylwia.at\/pl\/wp-json\/wp\/v2\/types\/page"}],"author":[{"embeddable":true,"href":"https:\/\/sylwia.at\/pl\/wp-json\/wp\/v2\/users\/1"}],"replies":[{"embeddable":true,"href":"https:\/\/sylwia.at\/pl\/wp-json\/wp\/v2\/comments?post=5219"}],"version-history":[{"count":2,"href":"https:\/\/sylwia.at\/pl\/wp-json\/wp\/v2\/pages\/5219\/revisions"}],"predecessor-version":[{"id":5429,"href":"https:\/\/sylwia.at\/pl\/wp-json\/wp\/v2\/pages\/5219\/revisions\/5429"}],"up":[{"embeddable":true,"href":"https:\/\/sylwia.at\/pl\/wp-json\/wp\/v2\/pages\/4995"}],"wp:attachment":[{"href":"https:\/\/sylwia.at\/pl\/wp-json\/wp\/v2\/media?parent=5219"}],"curies":[{"name":"wp","href":"https:\/\/api.w.org\/{rel}","templated":true}]}}