{"id":5221,"date":"2025-11-11T11:37:23","date_gmt":"2025-11-11T10:37:23","guid":{"rendered":"https:\/\/sylwia.at\/2025?page_id=5221"},"modified":"2025-12-19T12:42:34","modified_gmt":"2025-12-19T11:42:34","slug":"kinder","status":"publish","type":"page","link":"https:\/\/sylwia.at\/pl\/themen\/kinder\/","title":{"rendered":"Terapia Dzieci"},"content":{"rendered":"<div class=\"fusion-fullwidth fullwidth-box fusion-builder-row-1 fusion-flex-container has-pattern-background has-mask-background nonhundred-percent-fullwidth non-hundred-percent-height-scrolling\" style=\"--awb-border-radius-top-left:0px;--awb-border-radius-top-right:0px;--awb-border-radius-bottom-right:0px;--awb-border-radius-bottom-left:0px;--awb-flex-wrap:wrap;\" ><div class=\"fusion-builder-row fusion-row fusion-flex-align-items-flex-start fusion-flex-content-wrap\" style=\"max-width:1216.8px;margin-left: calc(-4% \/ 2 );margin-right: calc(-4% \/ 2 );\"><div class=\"fusion-layout-column fusion_builder_column fusion-builder-column-0 fusion_builder_column_3_5 3_5 fusion-flex-column\" style=\"--awb-bg-size:cover;--awb-width-large:60%;--awb-margin-top-large:0px;--awb-spacing-right-large:3.2%;--awb-margin-bottom-large:20px;--awb-spacing-left-large:3.2%;--awb-width-medium:100%;--awb-order-medium:0;--awb-spacing-right-medium:1.92%;--awb-spacing-left-medium:1.92%;--awb-width-small:100%;--awb-order-small:0;--awb-spacing-right-small:1.92%;--awb-spacing-left-small:1.92%;\"><div class=\"fusion-column-wrapper fusion-column-has-shadow fusion-flex-justify-content-flex-start fusion-content-layout-column\"><div class=\"fusion-text fusion-text-1\"><h1 class=\"fusion-responsive-typography-calculated\" style=\"--fontsize: 30; line-height: 1.35;\" data-fontsize=\"30\" data-lineheight=\"40.5px\">Terapia Dzieci<\/h1>\n<p class=\"fusion-responsive-typography-calculated\" style=\"--fontsize: 25; line-height: 1.35;\" data-fontsize=\"25\" data-lineheight=\"33.75px\">W mojej pracy przyk\u0142adam bardzo du\u017c\u0105 wag\u0119 do pracy z dzie\u0107mi. Drodzy Rodzice, aby m\u00f3c zapewni\u0107 Pa\u0144stwa dziecku jak najlepsz\u0105 pomoc, licz\u0119 na Pa\u0144stwa zaufanie oraz zaanga\u017cowanie we wspieranie dziecka w jego procesie rozwoju. Najlepiej, je\u015bli swoje obawy dotycz\u0105ce dziecka przedstawi\u0105 mi Pa\u0144stwo bez jego obecno\u015bci. Nast\u0119pnie terapia odbywa si\u0119 wsp\u00f3lnie z Pa\u0144stwem lub wy\u0142\u0105cznie z dzieckiem \u2013 w zale\u017cno\u015bci od wieku dziecka oraz od tego, czy \u017cyczy ono sobie obecno\u015bci rodzic\u00f3w, czy nie.<\/p>\n<\/div><\/div><\/div><div class=\"fusion-layout-column fusion_builder_column fusion-builder-column-1 fusion_builder_column_2_5 2_5 fusion-flex-column\" style=\"--awb-padding-top:20px;--awb-bg-size:cover;--awb-width-large:40%;--awb-margin-top-large:0px;--awb-spacing-right-large:4.8%;--awb-margin-bottom-large:20px;--awb-spacing-left-large:4.8%;--awb-width-medium:100%;--awb-order-medium:0;--awb-spacing-right-medium:1.92%;--awb-spacing-left-medium:1.92%;--awb-width-small:100%;--awb-order-small:0;--awb-spacing-right-small:1.92%;--awb-spacing-left-small:1.92%;\" data-scroll-devices=\"small-visibility,medium-visibility,large-visibility\"><div class=\"fusion-column-wrapper fusion-column-has-shadow fusion-flex-justify-content-flex-start fusion-content-layout-column\"><div class=\"fusion-image-element\" style=\"--awb-caption-title-font-family:var(--h2_typography-font-family);--awb-caption-title-font-weight:var(--h2_typography-font-weight);--awb-caption-title-font-style:var(--h2_typography-font-style);--awb-caption-title-size:var(--h2_typography-font-size);--awb-caption-title-transform:var(--h2_typography-text-transform);--awb-caption-title-line-height:var(--h2_typography-line-height);--awb-caption-title-letter-spacing:var(--h2_typography-letter-spacing);\"><span class=\"fusion-imageframe imageframe-none imageframe-1 hover-type-none\"><img decoding=\"async\" width=\"1000\" height=\"563\" title=\"AdobeStock_80012476 Kopie\" src=\"https:\/\/sylwia.at\/wp-content\/uploads\/2025\/12\/AdobeStock_80012476-Kopie-1.webp\" data-orig-src=\"https:\/\/sylwia.at\/2025\/wp-content\/uploads\/2025\/12\/AdobeStock_80012476-Kopie-1.webp\" alt class=\"lazyload img-responsive wp-image-5451\" srcset=\"data:image\/svg+xml,%3Csvg%20xmlns%3D%27http%3A%2F%2Fwww.w3.org%2F2000%2Fsvg%27%20width%3D%271000%27%20height%3D%27563%27%20viewBox%3D%270%200%201000%20563%27%3E%3Crect%20width%3D%271000%27%20height%3D%27563%27%20fill-opacity%3D%220%22%2F%3E%3C%2Fsvg%3E\" data-srcset=\"https:\/\/sylwia.at\/wp-content\/uploads\/2025\/12\/AdobeStock_80012476-Kopie-1-200x113.webp 200w, https:\/\/sylwia.at\/wp-content\/uploads\/2025\/12\/AdobeStock_80012476-Kopie-1-300x169.webp 300w, https:\/\/sylwia.at\/wp-content\/uploads\/2025\/12\/AdobeStock_80012476-Kopie-1-400x225.webp 400w, https:\/\/sylwia.at\/wp-content\/uploads\/2025\/12\/AdobeStock_80012476-Kopie-1-600x338.webp 600w, https:\/\/sylwia.at\/wp-content\/uploads\/2025\/12\/AdobeStock_80012476-Kopie-1-768x432.webp 768w, https:\/\/sylwia.at\/wp-content\/uploads\/2025\/12\/AdobeStock_80012476-Kopie-1-800x450.webp 800w, https:\/\/sylwia.at\/wp-content\/uploads\/2025\/12\/AdobeStock_80012476-Kopie-1.webp 1000w\" data-sizes=\"auto\" data-orig-sizes=\"(max-width: 1024px) 100vw, (max-width: 640px) 100vw, 600px\" \/><\/span><\/div><\/div><\/div><\/div><\/div>","protected":false},"excerpt":{"rendered":"","protected":false},"author":1,"featured_media":0,"parent":4995,"menu_order":0,"comment_status":"closed","ping_status":"closed","template":"","meta":{"footnotes":""},"class_list":["post-5221","page","type-page","status-publish","hentry"],"_links":{"self":[{"href":"https:\/\/sylwia.at\/pl\/wp-json\/wp\/v2\/pages\/5221","targetHints":{"allow":["GET"]}}],"collection":[{"href":"https:\/\/sylwia.at\/pl\/wp-json\/wp\/v2\/pages"}],"about":[{"href":"https:\/\/sylwia.at\/pl\/wp-json\/wp\/v2\/types\/page"}],"author":[{"embeddable":true,"href":"https:\/\/sylwia.at\/pl\/wp-json\/wp\/v2\/users\/1"}],"replies":[{"embeddable":true,"href":"https:\/\/sylwia.at\/pl\/wp-json\/wp\/v2\/comments?post=5221"}],"version-history":[{"count":6,"href":"https:\/\/sylwia.at\/pl\/wp-json\/wp\/v2\/pages\/5221\/revisions"}],"predecessor-version":[{"id":5454,"href":"https:\/\/sylwia.at\/pl\/wp-json\/wp\/v2\/pages\/5221\/revisions\/5454"}],"up":[{"embeddable":true,"href":"https:\/\/sylwia.at\/pl\/wp-json\/wp\/v2\/pages\/4995"}],"wp:attachment":[{"href":"https:\/\/sylwia.at\/pl\/wp-json\/wp\/v2\/media?parent=5221"}],"curies":[{"name":"wp","href":"https:\/\/api.w.org\/{rel}","templated":true}]}}