{"id":5225,"date":"2025-11-11T11:38:55","date_gmt":"2025-11-11T10:38:55","guid":{"rendered":"https:\/\/sylwia.at\/2025?page_id=5225"},"modified":"2026-02-10T20:09:15","modified_gmt":"2026-02-10T19:09:15","slug":"hypnotherapie-cloned","status":"publish","type":"page","link":"https:\/\/sylwia.at\/pl\/themen\/hypnotherapie-cloned\/","title":{"rendered":"Neuror\u00f3\u017cnorodno\u015b\u0107 i osoby neuroatypowe"},"content":{"rendered":"<div class=\"fusion-fullwidth fullwidth-box fusion-builder-row-1 fusion-flex-container has-pattern-background has-mask-background nonhundred-percent-fullwidth non-hundred-percent-height-scrolling\" style=\"--awb-border-radius-top-left:0px;--awb-border-radius-top-right:0px;--awb-border-radius-bottom-right:0px;--awb-border-radius-bottom-left:0px;--awb-flex-wrap:wrap;\" ><div class=\"fusion-builder-row fusion-row fusion-flex-align-items-flex-start fusion-flex-content-wrap\" style=\"max-width:1216.8px;margin-left: calc(-4% \/ 2 );margin-right: calc(-4% \/ 2 );\"><div class=\"fusion-layout-column fusion_builder_column fusion-builder-column-0 fusion_builder_column_3_5 3_5 fusion-flex-column\" style=\"--awb-bg-size:cover;--awb-width-large:60%;--awb-margin-top-large:0px;--awb-spacing-right-large:3.2%;--awb-margin-bottom-large:20px;--awb-spacing-left-large:3.2%;--awb-width-medium:100%;--awb-order-medium:0;--awb-spacing-right-medium:1.92%;--awb-spacing-left-medium:1.92%;--awb-width-small:100%;--awb-order-small:0;--awb-spacing-right-small:1.92%;--awb-spacing-left-small:1.92%;\"><div class=\"fusion-column-wrapper fusion-column-has-shadow fusion-flex-justify-content-flex-start fusion-content-layout-column\"><div class=\"fusion-text fusion-text-1\"><h1>Neuror\u00f3\u017cnorodno\u015b\u0107 i osoby neuroatypowe<\/h1>\n<p>Wszyscy jeste\u015bmy absolutnie indywidualni, tak\u017ce pod wzgl\u0119dem neurologicznym. Jedni z nas s\u0105 neurotypowi, inni neuroatypowi. \u0141\u0105czy nas wiele wsp\u00f3lnych cech, jednak r\u00f3\u017cnimy si\u0119 sposobem postrzegania, przetwarzania informacji i do\u015bwiadczania \u015bwiata. To w\u0142a\u015bnie te r\u00f3\u017cnice w percepcji sprawiaj\u0105, \u017ce wiele os\u00f3b neuroatypowych nie czuje si\u0119 rozumianych w klasycznych nurtach terapeutycznych, kt\u00f3re koncentruj\u0105 si\u0119 wy\u0142\u0105cznie na biografii.<\/p>\n<p>M\u00f3zg osoby neuroatypowej, ze wzgl\u0119du na szerok\u0105 i intensywn\u0105 percepcj\u0119, cz\u0119sto do\u015bwiadcza przeci\u0105\u017cenia i nadmiaru bod\u017ac\u00f3w. Regulacja wymaga w takich sytuacjach bardzo du\u017cych nak\u0142ad\u00f3w energii. Przeci\u0105\u017cenie sensoryczne oraz wyczerpanie bywaj\u0105 cz\u0119sto mylone z epizodami depresyjnymi. Tymczasem m\u00f3zg neuroatypowy w takich fazach nie potrzebuje aktywizacji, lecz odpoczynku, wyciszenia i przerwy.<\/p>\n<p>R\u00f3wnie\u017c rozumienie emocji i kontekst\u00f3w spo\u0142ecznych bywa u os\u00f3b neuroatypowych odmienne, co mo\u017ce prowadzi\u0107 do nieporozumie\u0144 oraz trudno\u015bci spo\u0142ecznych \u2013 szczeg\u00f3lnie w relacjach z osobami neurotypowymi. Jednocze\u015bnie cz\u0119sto okazuje si\u0119, \u017ce osoby neuroatypowe znacznie \u0142atwiej rozumiej\u0105 si\u0119 nawzajem.<\/p>\n<p>W moim gabinecie zapraszam do wsp\u00f3lnego poszukiwania dr\u00f3g, dzi\u0119ki kt\u00f3rym perspektywy neuroatypowe i neurotypowe mog\u0105 sta\u0107 si\u0119 dla siebie bardziej zrozumia\u0142e. Cho\u0107 wiele zmienia si\u0119 ju\u017c na lepsze, wci\u0105\u017c potrzebujemy wi\u0119cej wzajemnego zrozumienia, aby naprawd\u0119 m\u00f3c si\u0119 widzie\u0107 i s\u0142ysze\u0107.<\/p>\n<\/div><\/div><\/div><div class=\"fusion-layout-column fusion_builder_column fusion-builder-column-1 fusion_builder_column_2_5 2_5 fusion-flex-column\" style=\"--awb-padding-top:20px;--awb-bg-size:cover;--awb-width-large:40%;--awb-margin-top-large:0px;--awb-spacing-right-large:4.8%;--awb-margin-bottom-large:20px;--awb-spacing-left-large:4.8%;--awb-width-medium:100%;--awb-order-medium:0;--awb-spacing-right-medium:1.92%;--awb-spacing-left-medium:1.92%;--awb-width-small:100%;--awb-order-small:0;--awb-spacing-right-small:1.92%;--awb-spacing-left-small:1.92%;\" data-scroll-devices=\"small-visibility,medium-visibility,large-visibility\"><div class=\"fusion-column-wrapper fusion-column-has-shadow fusion-flex-justify-content-flex-start fusion-content-layout-column\"><div class=\"fusion-image-element\" style=\"--awb-caption-title-font-family:var(--h2_typography-font-family);--awb-caption-title-font-weight:var(--h2_typography-font-weight);--awb-caption-title-font-style:var(--h2_typography-font-style);--awb-caption-title-size:var(--h2_typography-font-size);--awb-caption-title-transform:var(--h2_typography-text-transform);--awb-caption-title-line-height:var(--h2_typography-line-height);--awb-caption-title-letter-spacing:var(--h2_typography-letter-spacing);\"><span class=\"fusion-imageframe imageframe-none imageframe-1 hover-type-none\"><img decoding=\"async\" width=\"1000\" height=\"1000\" title=\"AdobeStock_641737169 Kopie\" src=\"https:\/\/sylwia.at\/wp-content\/uploads\/2025\/12\/AdobeStock_641737169-Kopie.webp\" data-orig-src=\"https:\/\/sylwia.at\/2025\/wp-content\/uploads\/2025\/12\/AdobeStock_641737169-Kopie.webp\" alt class=\"lazyload img-responsive wp-image-5436\" srcset=\"data:image\/svg+xml,%3Csvg%20xmlns%3D%27http%3A%2F%2Fwww.w3.org%2F2000%2Fsvg%27%20width%3D%271000%27%20height%3D%271000%27%20viewBox%3D%270%200%201000%201000%27%3E%3Crect%20width%3D%271000%27%20height%3D%271000%27%20fill-opacity%3D%220%22%2F%3E%3C%2Fsvg%3E\" data-srcset=\"https:\/\/sylwia.at\/wp-content\/uploads\/2025\/12\/AdobeStock_641737169-Kopie-66x66.webp 66w, https:\/\/sylwia.at\/wp-content\/uploads\/2025\/12\/AdobeStock_641737169-Kopie-150x150.webp 150w, https:\/\/sylwia.at\/wp-content\/uploads\/2025\/12\/AdobeStock_641737169-Kopie-200x200.webp 200w, https:\/\/sylwia.at\/wp-content\/uploads\/2025\/12\/AdobeStock_641737169-Kopie-300x300.webp 300w, https:\/\/sylwia.at\/wp-content\/uploads\/2025\/12\/AdobeStock_641737169-Kopie-400x400.webp 400w, https:\/\/sylwia.at\/wp-content\/uploads\/2025\/12\/AdobeStock_641737169-Kopie-600x600.webp 600w, https:\/\/sylwia.at\/wp-content\/uploads\/2025\/12\/AdobeStock_641737169-Kopie-768x768.webp 768w, https:\/\/sylwia.at\/wp-content\/uploads\/2025\/12\/AdobeStock_641737169-Kopie-800x800.webp 800w, https:\/\/sylwia.at\/wp-content\/uploads\/2025\/12\/AdobeStock_641737169-Kopie.webp 1000w\" data-sizes=\"auto\" data-orig-sizes=\"(max-width: 1024px) 100vw, (max-width: 640px) 100vw, 600px\" \/><\/span><\/div><\/div><\/div><\/div><\/div>","protected":false},"excerpt":{"rendered":"","protected":false},"author":1,"featured_media":0,"parent":4995,"menu_order":0,"comment_status":"closed","ping_status":"closed","template":"","meta":{"footnotes":""},"class_list":["post-5225","page","type-page","status-publish","hentry"],"_links":{"self":[{"href":"https:\/\/sylwia.at\/pl\/wp-json\/wp\/v2\/pages\/5225","targetHints":{"allow":["GET"]}}],"collection":[{"href":"https:\/\/sylwia.at\/pl\/wp-json\/wp\/v2\/pages"}],"about":[{"href":"https:\/\/sylwia.at\/pl\/wp-json\/wp\/v2\/types\/page"}],"author":[{"embeddable":true,"href":"https:\/\/sylwia.at\/pl\/wp-json\/wp\/v2\/users\/1"}],"replies":[{"embeddable":true,"href":"https:\/\/sylwia.at\/pl\/wp-json\/wp\/v2\/comments?post=5225"}],"version-history":[{"count":9,"href":"https:\/\/sylwia.at\/pl\/wp-json\/wp\/v2\/pages\/5225\/revisions"}],"predecessor-version":[{"id":5754,"href":"https:\/\/sylwia.at\/pl\/wp-json\/wp\/v2\/pages\/5225\/revisions\/5754"}],"up":[{"embeddable":true,"href":"https:\/\/sylwia.at\/pl\/wp-json\/wp\/v2\/pages\/4995"}],"wp:attachment":[{"href":"https:\/\/sylwia.at\/pl\/wp-json\/wp\/v2\/media?parent=5225"}],"curies":[{"name":"wp","href":"https:\/\/api.w.org\/{rel}","templated":true}]}}