{"id":5439,"date":"2025-12-19T12:34:07","date_gmt":"2025-12-19T11:34:07","guid":{"rendered":"https:\/\/sylwia.at\/2025\/?page_id=5439"},"modified":"2026-02-23T15:36:04","modified_gmt":"2026-02-23T14:36:04","slug":"kinder-ohne-entwicklungsverzoegerung","status":"publish","type":"page","link":"https:\/\/sylwia.at\/pl\/themen\/kinder-ohne-entwicklungsverzoegerung\/","title":{"rendered":"Dzieci bez op\u00f3\u017anie\u0144 w rozwoju mowy"},"content":{"rendered":"<p><div class=\"fusion-fullwidth fullwidth-box fusion-builder-row-1 fusion-flex-container has-pattern-background has-mask-background nonhundred-percent-fullwidth non-hundred-percent-height-scrolling\" style=\"--awb-border-radius-top-left:0px;--awb-border-radius-top-right:0px;--awb-border-radius-bottom-right:0px;--awb-border-radius-bottom-left:0px;--awb-flex-wrap:wrap;\" ><div class=\"fusion-builder-row fusion-row fusion-flex-align-items-flex-start fusion-flex-content-wrap\" style=\"max-width:1216.8px;margin-left: calc(-4% \/ 2 );margin-right: calc(-4% \/ 2 );\"><div class=\"fusion-layout-column fusion_builder_column fusion-builder-column-0 fusion_builder_column_3_5 3_5 fusion-flex-column\" style=\"--awb-bg-size:cover;--awb-width-large:60%;--awb-margin-top-large:0px;--awb-spacing-right-large:3.2%;--awb-margin-bottom-large:20px;--awb-spacing-left-large:3.2%;--awb-width-medium:100%;--awb-order-medium:0;--awb-spacing-right-medium:1.92%;--awb-spacing-left-medium:1.92%;--awb-width-small:100%;--awb-order-small:0;--awb-spacing-right-small:1.92%;--awb-spacing-left-small:1.92%;\"><div class=\"fusion-column-wrapper fusion-column-has-shadow fusion-flex-justify-content-flex-start fusion-content-layout-column\"><div class=\"fusion-text fusion-text-1\"><h1>Dzieci bez op\u00f3\u017anie\u0144 w rozwoju mowy<\/h1>\n<h2>G\u0142\u00f3wne obszary pracy: komunikacja i interakcje spo\u0142eczne<\/h2>\n<p>Oferta skierowana jest do dzieci ze spektrum autyzmu, u kt\u00f3rych rozw\u00f3j mowy oraz podstawowe umiej\u0119tno\u015bci szkolne przebiegaj\u0105 adekwatnie do wieku, ale zmagaj\u0105 si\u0119 one z trudno\u015bciami w obszarze spo\u0142ecznym i emocjonalnym.<\/p>\n<p>Typowe trudno\u015bci:<\/p>\n<ul>\n<li>niepewno\u015b\u0107 w komunikacji i interakcjach<\/li>\n<li>trudno\u015bci w rozumieniu sygna\u0142\u00f3w niewerbalnych<\/li>\n<li>rozpoznawanie, wyra\u017canie i regulowanie emocji<\/li>\n<li>rozumienie zasad spo\u0142ecznych, przyjmowanie perspektywy innych oraz rozwi\u0105zywanie konflikt\u00f3w<\/li>\n<\/ul>\n<h2>Cele terapii:<\/h2>\n<ul>\n<li>wsparcie w inicjowaniu interakcji spo\u0142ecznych<\/li>\n<li>rozwijanie umiej\u0119tno\u015bci komunikacyjnych<\/li>\n<li>zwi\u0119kszenie poczucia bezpiecze\u0144stwa i orientacji w relacjach spo\u0142ecznych<\/li>\n<li>lepsze rozumienie i wyra\u017canie emocji<\/li>\n<li>ograniczenie nieporozumie\u0144 spo\u0142ecznych<\/li>\n<\/ul>\n<\/div><\/div><\/div><div class=\"fusion-layout-column fusion_builder_column fusion-builder-column-1 fusion_builder_column_2_5 2_5 fusion-flex-column\" style=\"--awb-padding-top:20px;--awb-bg-size:cover;--awb-width-large:40%;--awb-margin-top-large:0px;--awb-spacing-right-large:4.8%;--awb-margin-bottom-large:20px;--awb-spacing-left-large:4.8%;--awb-width-medium:100%;--awb-order-medium:0;--awb-spacing-right-medium:1.92%;--awb-spacing-left-medium:1.92%;--awb-width-small:100%;--awb-order-small:0;--awb-spacing-right-small:1.92%;--awb-spacing-left-small:1.92%;\" data-scroll-devices=\"small-visibility,medium-visibility,large-visibility\"><div class=\"fusion-column-wrapper fusion-column-has-shadow fusion-flex-justify-content-flex-start fusion-content-layout-column\"><div class=\"fusion-image-element\" style=\"--awb-caption-title-font-family:var(--h2_typography-font-family);--awb-caption-title-font-weight:var(--h2_typography-font-weight);--awb-caption-title-font-style:var(--h2_typography-font-style);--awb-caption-title-size:var(--h2_typography-font-size);--awb-caption-title-transform:var(--h2_typography-text-transform);--awb-caption-title-line-height:var(--h2_typography-line-height);--awb-caption-title-letter-spacing:var(--h2_typography-letter-spacing);\"><span class=\"fusion-imageframe imageframe-none imageframe-1 hover-type-none\"><img decoding=\"async\" width=\"805\" height=\"804\" title=\"Terapia Dzieci\" src=\"https:\/\/sylwia.at\/wp-content\/uploads\/2026\/01\/Kinder.png\" data-orig-src=\"https:\/\/sylwia.at\/2025\/wp-content\/uploads\/2026\/01\/Kinder.png\" alt class=\"lazyload img-responsive wp-image-5503\" srcset=\"data:image\/svg+xml,%3Csvg%20xmlns%3D%27http%3A%2F%2Fwww.w3.org%2F2000%2Fsvg%27%20width%3D%27805%27%20height%3D%27804%27%20viewBox%3D%270%200%20805%20804%27%3E%3Crect%20width%3D%27805%27%20height%3D%27804%27%20fill-opacity%3D%220%22%2F%3E%3C%2Fsvg%3E\" data-srcset=\"https:\/\/sylwia.at\/wp-content\/uploads\/2026\/01\/Kinder-200x200.png 200w, https:\/\/sylwia.at\/wp-content\/uploads\/2026\/01\/Kinder-400x400.png 400w, https:\/\/sylwia.at\/wp-content\/uploads\/2026\/01\/Kinder-600x599.png 600w, https:\/\/sylwia.at\/wp-content\/uploads\/2026\/01\/Kinder-800x799.png 800w, https:\/\/sylwia.at\/wp-content\/uploads\/2026\/01\/Kinder.png 805w\" data-sizes=\"auto\" data-orig-sizes=\"(max-width: 1024px) 100vw, (max-width: 640px) 100vw, 600px\" \/><\/span><\/div><\/div><\/div><\/div><\/div><div class=\"fusion-fullwidth fullwidth-box fusion-builder-row-2 fusion-flex-container nonhundred-percent-fullwidth non-hundred-percent-height-scrolling\" style=\"--awb-border-radius-top-left:0px;--awb-border-radius-top-right:0px;--awb-border-radius-bottom-right:0px;--awb-border-radius-bottom-left:0px;--awb-flex-wrap:wrap;\" ><div class=\"fusion-builder-row fusion-row fusion-flex-align-items-flex-start fusion-flex-content-wrap\" style=\"max-width:1216.8px;margin-left: calc(-4% \/ 2 );margin-right: calc(-4% \/ 2 );\"><div class=\"fusion-layout-column fusion_builder_column fusion-builder-column-2 fusion_builder_column_1_1 1_1 fusion-flex-column\" style=\"--awb-bg-size:cover;--awb-width-large:100%;--awb-margin-top-large:0px;--awb-spacing-right-large:1.92%;--awb-margin-bottom-large:0px;--awb-spacing-left-large:1.92%;--awb-width-medium:100%;--awb-spacing-right-medium:1.92%;--awb-spacing-left-medium:1.92%;--awb-width-small:100%;--awb-spacing-right-small:1.92%;--awb-spacing-left-small:1.92%;\"><div class=\"fusion-column-wrapper fusion-flex-justify-content-flex-start fusion-content-layout-column\"><div class=\"fusion-text fusion-text-2\"><p>\u00a0<\/p>\n<\/div><\/div><\/div><\/div><\/div><\/p>","protected":false},"excerpt":{"rendered":"","protected":false},"author":1,"featured_media":0,"parent":4995,"menu_order":0,"comment_status":"closed","ping_status":"closed","template":"","meta":{"footnotes":""},"class_list":["post-5439","page","type-page","status-publish","hentry"],"_links":{"self":[{"href":"https:\/\/sylwia.at\/pl\/wp-json\/wp\/v2\/pages\/5439","targetHints":{"allow":["GET"]}}],"collection":[{"href":"https:\/\/sylwia.at\/pl\/wp-json\/wp\/v2\/pages"}],"about":[{"href":"https:\/\/sylwia.at\/pl\/wp-json\/wp\/v2\/types\/page"}],"author":[{"embeddable":true,"href":"https:\/\/sylwia.at\/pl\/wp-json\/wp\/v2\/users\/1"}],"replies":[{"embeddable":true,"href":"https:\/\/sylwia.at\/pl\/wp-json\/wp\/v2\/comments?post=5439"}],"version-history":[{"count":7,"href":"https:\/\/sylwia.at\/pl\/wp-json\/wp\/v2\/pages\/5439\/revisions"}],"predecessor-version":[{"id":5757,"href":"https:\/\/sylwia.at\/pl\/wp-json\/wp\/v2\/pages\/5439\/revisions\/5757"}],"up":[{"embeddable":true,"href":"https:\/\/sylwia.at\/pl\/wp-json\/wp\/v2\/pages\/4995"}],"wp:attachment":[{"href":"https:\/\/sylwia.at\/pl\/wp-json\/wp\/v2\/media?parent=5439"}],"curies":[{"name":"wp","href":"https:\/\/api.w.org\/{rel}","templated":true}]}}