{"id":5517,"date":"2026-01-12T17:23:16","date_gmt":"2026-01-12T16:23:16","guid":{"rendered":"https:\/\/sylwia.at\/2025\/?page_id=5517"},"modified":"2026-01-12T17:23:18","modified_gmt":"2026-01-12T16:23:18","slug":"home-cloned","status":"publish","type":"page","link":"https:\/\/sylwia.at\/pl\/home-cloned\/","title":{"rendered":"Home ( Cloned )"},"content":{"rendered":"<p><div class=\"fusion-fullwidth fullwidth-box fusion-builder-row-1 fusion-flex-container has-pattern-background has-mask-background hundred-percent-fullwidth non-hundred-percent-height-scrolling\" style=\"--awb-border-radius-top-left:0px;--awb-border-radius-top-right:0px;--awb-border-radius-bottom-right:0px;--awb-border-radius-bottom-left:0px;--awb-padding-right:0px;--awb-padding-bottom:0px;--awb-padding-left:0px;--awb-margin-bottom:0px;--awb-flex-wrap:wrap;\" ><div class=\"fusion-builder-row fusion-row fusion-flex-align-items-flex-start fusion-flex-content-wrap\" style=\"width:104% !important;max-width:104% !important;margin-left: calc(-4% \/ 2 );margin-right: calc(-4% \/ 2 );\"><div class=\"fusion-layout-column fusion_builder_column fusion-builder-column-0 fusion_builder_column_1_1 1_1 fusion-flex-column\" style=\"--awb-bg-size:cover;--awb-box-shadow: 3px 6px 7px #e2e2e2;;--awb-width-large:100%;--awb-margin-top-large:0px;--awb-spacing-right-large:1.92%;--awb-margin-bottom-large:20px;--awb-spacing-left-large:1.92%;--awb-width-medium:100%;--awb-order-medium:0;--awb-spacing-right-medium:1.92%;--awb-spacing-left-medium:1.92%;--awb-width-small:100%;--awb-order-small:0;--awb-spacing-right-small:1.92%;--awb-spacing-left-small:1.92%;\" data-scroll-devices=\"small-visibility,medium-visibility,large-visibility\"><div class=\"fusion-column-wrapper fusion-column-has-shadow fusion-flex-justify-content-flex-start fusion-content-layout-column\">\t\t\t\t\t<div class=\"fusion-slider-container fusion-slider-sc-home fusion-slider-7 full-width-slider\" style=\"height:350px; max-width:100%;\" data-id=\"7\" data-full_height=\"\">\n\t\t\t\t\t\t<style type=\"text\/css\">.fusion-slider-7 .flex-direction-nav a {width:20px;height:20px;line-height:20px;font-size:15px;}.fusion-slider-7 .flex-control-paging li a {background:rgba(255, 255, 255, 0.6);}.fusion-slider-7 .flex-control-paging li a.flex-active {background:rgba(255, 255, 255, 1);}<\/style>\t\t\t\t\t\t<div class=\"fusion-slider-loading\">Loading...<\/div>\n\t\t\t\t\t\t<div class=\"tfs-slider flexslider main-flex full-width-slider\" data-slider_width=\"100%\" data-slider_height=\"350px\" data-full_screen=\"0\" data-parallax=\"1\" data-slider_indicator=\"pagination_circles\" data-nav_arrows=\"1\" data-nav_arrow_size=\"15px\" data-nav_box_width=\"20px\" data-nav_box_height=\"20px\" data-slideshow_speed=\"7000\" data-loop=\"1\" data-autoplay=\"1\" data-orderby=\"ID\" data-order=\"DESC\" data-animation=\"fade\" data-animation_speed=\"600\" data-typo_sensitivity=\"1\" data-typo_factor=\"1.5\" style=\"max-width:100%;\">\n\t\t\t\t\t\t\t<ul class=\"slides\">\n\t\t\t\t\t\t\t\t\t\t\t\t\t\t\t\t\t<li data-mute=\"yes\" data-loop=\"yes\" data-autoplay=\"yes\">\n\t\t\t\t\t\t\t\t\t\t<div class=\"slide-content-container slide-content-left\" style=\"display: none;\">\n\t\t\t\t\t\t\t\t\t\t\t<div class=\"slide-content\" style=\"\">\n\t\t\t\t\t\t\t\t\t\t\t\t\t\t\t\t\t\t\t\t\t\t\t\t\t\t\t\t\t\t\t\t\t\t\t\t\t\t\t\t\t\t\t\t\t\t\t\t\t<div class=\"buttons\" >\n\t\t\t\t\t\t\t\t\t\t\t\t\t\t\t\t\t\t\t\t\t\t\t\t\t\t\t\t\t\t\t\t\t\t\t\t\t\t\t\t\t<\/div>\n\t\t\t\t\t\t\t\t\t\t\t\t\t\t\t\t\t\t\t\t\t\t\t<\/div>\n\t\t\t\t\t\t\t\t\t\t<\/div>\n\t\t\t\t\t\t\t\t\t\t\t\t\t\t\t\t\t\t\t\t\t\t\t\t\t\t\t\t\t\t\t\t\t\t\t\t\t\t\t\t<div class=\"background background-image\" style=\"background-image: url(https:\/\/sylwia.at\/wp-content\/uploads\/2025\/09\/blumen-weitblick-scaled.jpeg);max-width:100%;height:350px;filter: progid:DXImageTransform.Microsoft.AlphaImageLoader(src='https:\/\/sylwia.at\/wp-content\/uploads\/2025\/09\/blumen-weitblick-scaled.jpeg', sizingMethod='scale');\" data-imgwidth=\"2560\">\n\t\t\t\t\t\t\t\t\t\t\t\t\t\t\t\t\t\t\t\t\t\t\t\t\t\t\t\t\t\t\t\t\t\t\t\t\t\t\t\t\t\t\t\t\t\t\t\t\t\t\t\t\t\t\t\t\t\t\t\t\t\t\t\t\t\t<\/div>\n\t\t\t\t\t\t\t\t\t<\/li>\n\t\t\t\t\t\t\t\t\t\t\t\t\t\t\t\t\t<li data-mute=\"yes\" data-loop=\"yes\" data-autoplay=\"yes\">\n\t\t\t\t\t\t\t\t\t\t<div class=\"slide-content-container slide-content-left\" style=\"display: none;\">\n\t\t\t\t\t\t\t\t\t\t\t<div class=\"slide-content\" style=\"\">\n\t\t\t\t\t\t\t\t\t\t\t\t\t\t\t\t\t\t\t\t\t\t\t\t\t\t\t\t\t\t\t\t\t\t\t\t\t\t\t\t\t\t\t\t\t\t\t\t\t<div class=\"buttons\" >\n\t\t\t\t\t\t\t\t\t\t\t\t\t\t\t\t\t\t\t\t\t\t\t\t\t\t\t\t\t\t\t\t\t\t\t\t\t\t\t\t\t<\/div>\n\t\t\t\t\t\t\t\t\t\t\t\t\t\t\t\t\t\t\t\t\t\t\t<\/div>\n\t\t\t\t\t\t\t\t\t\t<\/div>\n\t\t\t\t\t\t\t\t\t\t\t\t\t\t\t\t\t\t\t\t\t\t\t\t\t\t\t\t\t\t\t\t\t\t\t\t\t\t\t\t<div class=\"background background-image\" style=\"background-image: url(https:\/\/sylwia.at\/wp-content\/uploads\/2025\/09\/dein-weg-weitblick-scaled.jpeg);max-width:100%;height:350px;filter: progid:DXImageTransform.Microsoft.AlphaImageLoader(src='https:\/\/sylwia.at\/wp-content\/uploads\/2025\/09\/dein-weg-weitblick-scaled.jpeg', sizingMethod='scale');\" data-imgwidth=\"2560\">\n\t\t\t\t\t\t\t\t\t\t\t\t\t\t\t\t\t\t\t\t\t\t\t\t\t\t\t\t\t\t\t\t\t\t\t\t\t\t\t\t\t\t\t\t\t\t\t\t\t\t\t\t\t\t\t\t\t\t\t\t\t\t\t\t\t\t<\/div>\n\t\t\t\t\t\t\t\t\t<\/li>\n\t\t\t\t\t\t\t\t\t\t\t\t\t\t\t\t\t<li data-mute=\"yes\" data-loop=\"yes\" data-autoplay=\"yes\">\n\t\t\t\t\t\t\t\t\t\t<div class=\"slide-content-container slide-content-left\" style=\"display: none;\">\n\t\t\t\t\t\t\t\t\t\t\t<div class=\"slide-content\" style=\"\">\n\t\t\t\t\t\t\t\t\t\t\t\t\t\t\t\t\t\t\t\t\t\t\t\t\t\t\t\t\t\t\t\t\t\t\t\t\t\t\t\t\t\t\t\t\t\t\t\t\t<div class=\"buttons\" >\n\t\t\t\t\t\t\t\t\t\t\t\t\t\t\t\t\t\t\t\t\t\t\t\t\t\t\t\t\t\t\t\t\t\t\t\t\t\t\t\t\t<\/div>\n\t\t\t\t\t\t\t\t\t\t\t\t\t\t\t\t\t\t\t\t\t\t\t<\/div>\n\t\t\t\t\t\t\t\t\t\t<\/div>\n\t\t\t\t\t\t\t\t\t\t\t\t\t\t\t\t\t\t\t\t\t\t\t\t\t\t\t\t\t\t\t\t\t\t\t\t\t\t\t\t<div class=\"background background-image\" style=\"background-image: url(https:\/\/sylwia.at\/wp-content\/uploads\/2025\/09\/AdobeStock_641737169.webp);max-width:100%;height:350px;filter: progid:DXImageTransform.Microsoft.AlphaImageLoader(src='https:\/\/sylwia.at\/wp-content\/uploads\/2025\/09\/AdobeStock_641737169.webp', sizingMethod='scale');\" data-imgwidth=\"2560\">\n\t\t\t\t\t\t\t\t\t\t\t\t\t\t\t\t\t\t\t\t\t\t\t\t\t\t\t\t\t\t\t\t\t\t\t\t\t\t\t\t\t\t\t\t\t\t\t\t\t\t\t\t\t\t\t\t\t\t\t\t\t\t\t\t\t\t<\/div>\n\t\t\t\t\t\t\t\t\t<\/li>\n\t\t\t\t\t\t\t\t\t\t\t\t\t\t\t\t\t\t\t\t\t\t\t<\/ul>\n\t\t\t\t\t\t<\/div>\n\t\t\t\t\t<\/div>\n\t\t\t\t\t\t\t\t<\/div><\/div><\/div><\/div><div class=\"fusion-fullwidth fullwidth-box fusion-builder-row-2 fusion-flex-container has-pattern-background has-mask-background nonhundred-percent-fullwidth non-hundred-percent-height-scrolling\" style=\"--awb-border-radius-top-left:0px;--awb-border-radius-top-right:0px;--awb-border-radius-bottom-right:0px;--awb-border-radius-bottom-left:0px;--awb-padding-top:30px;--awb-padding-bottom:30px;--awb-flex-wrap:wrap;\" ><div class=\"fusion-builder-row fusion-row fusion-flex-align-items-flex-start fusion-flex-content-wrap\" style=\"max-width:1216.8px;margin-left: calc(-4% \/ 2 );margin-right: calc(-4% \/ 2 );\"><div class=\"fusion-layout-column fusion_builder_column fusion-builder-column-1 fusion_builder_column_3_5 3_5 fusion-flex-column\" style=\"--awb-bg-blend:overlay;--awb-bg-size:cover;--awb-width-large:60%;--awb-margin-top-large:0px;--awb-spacing-right-large:3.2%;--awb-margin-bottom-large:0px;--awb-spacing-left-large:3.2%;--awb-width-medium:100%;--awb-spacing-right-medium:1.92%;--awb-spacing-left-medium:1.92%;--awb-width-small:100%;--awb-spacing-right-small:1.92%;--awb-spacing-left-small:1.92%;\"><div class=\"fusion-column-wrapper fusion-flex-justify-content-flex-start fusion-content-layout-column\"><div class=\"fusion-text fusion-text-1\"><h1>Tw\u00f3j psycholog po polsku<\/h1>\n<p>Nazywam si\u0119 Sylwia Schmidt. Jestem psychologiem klinicznym, psychologiem zdrowia, couchem, trenerk\u0105 relaksacyjn\u0105.<\/p>\n<p>Kim jest psycholog, czym si\u0119 zajmuje?<\/p>\n<p>Psycholog kliniczny ma za sob\u0105 uko\u0144czone studia psychologiczne oraz studia podyplomowe wraz ze sta\u017cem, kt\u00f3re \u0142\u0105cznie daj\u0105 uprawnienia do otwarcia gabinetu, prowadzenia porady, terapii oraz diagnostyki klinicznej.<\/p>\n<p>W ramach mojego rozwoju zawodowego podj\u0119\u0142am r\u00f3wnie\u017c podyplomowe studia w kierunku hipnozy i hipnoterapii, kt\u00f3ry zaowocowa\u0142 certyfikatem hipnozy klinicznej w nurcie ericksonowksim.\nW mojej pracy kieruj\u0119 si\u0119 podej\u015bciem hypnosytemowym, opartym na szacunku dla klienta i jego nieocenionych kompetencjach w kwestii rozwi\u0105zania problemu.<\/p>\n<p>Jednym z kluczowych obszar\u00f3w, w kt\u00f3rych nieustannie poszerzam swoj\u0105 wiedz\u0119, jest spektrum autyzmu. \u201eOpowiedz mi, prosz\u0119, jak wygl\u0105da tw\u00f3j \u015awiat?\u201d To w\u0142a\u015bnie dzi\u0119ki moim klientom i ich opowie\u015bciom, mog\u0119 lepiej zrozumie\u0107 ich perspektyw\u0119. Jako matka dziecka z autyzmem, wiem, \u017ce bycie \u201einnym\u201d to po prostu inna forma bycia \u201ew\u0142a\u015bciwym\u201d.<\/p>\n<p>W \u017cyciu ka\u017cdego cz\u0142owieka zdarzaj\u0105 si\u0119 wzloty i upadki. Ka\u017cdy z nas niesie sw\u00f3j w\u0142asny plecak, wype\u0142niony r\u00f3\u017cnorodnymi obci\u0105\u017ceniami i do\u015bwiadczeniami, kt\u00f3re nas kszta\u0142tuj\u0105. Wp\u0142ywaj\u0105 one na decyzje, kt\u00f3re podejmujemy oraz na spos\u00f3b, w jaki radzimy sobie z problemami. Jednak w tych plecakach ukryte s\u0105 r\u00f3wnie\u017c nasze kompetencje, wszystkie prze\u017cycia, z kt\u00f3rych mo\u017cemy czerpa\u0107 si\u0142\u0119. Zapraszam do wsp\u00f3lnego poszukiwania i wzmacniania ich, aby by\u0142y zawsze pod r\u0119k\u0105, bez wzgl\u0119du na to, jak wyboista wydaje si\u0119 droga. Ka\u017cdy cz\u0142owiek jest niepowtarzalny, dlatego ka\u017cdy z nas potrzebuje indywidualnych rozwi\u0105za\u0144, dostosowanych do swoich potrzeb i aktualnej sytuacji \u017cyciowej. Cz\u0119sto wsparcie psychologiczne nie jest kwesti\u0105 potrzeby, lecz \u015bwiadom\u0105 decyzj\u0105 o odzyskaniu poczucia w\u0142asnej skuteczno\u015bci i mo\u017cliwo\u015bci dalszego wzmacniania si\u0119. Z niecierpliwo\u015bci\u0105 oczekuj\u0119 na mo\u017cliwo\u015b\u0107 wsparcia Pa\u0144stwa w tym procesie.<\/p>\n<\/div><\/div><\/div><div class=\"fusion-layout-column fusion_builder_column fusion-builder-column-2 fusion_builder_column_2_5 2_5 fusion-flex-column\" style=\"--awb-padding-top:30px;--awb-bg-blend:overlay;--awb-bg-size:cover;--awb-width-large:40%;--awb-margin-top-large:0px;--awb-spacing-right-large:4.8%;--awb-margin-bottom-large:0px;--awb-spacing-left-large:4.8%;--awb-width-medium:100%;--awb-order-medium:0;--awb-spacing-right-medium:1.92%;--awb-spacing-left-medium:1.92%;--awb-width-small:100%;--awb-order-small:0;--awb-spacing-right-small:1.92%;--awb-spacing-left-small:1.92%;\" data-scroll-devices=\"small-visibility,medium-visibility,large-visibility\"><div class=\"fusion-column-wrapper fusion-column-has-shadow fusion-flex-justify-content-flex-start fusion-content-layout-column\"><div class=\"fusion-image-element\" style=\"--awb-caption-title-font-family:var(--h2_typography-font-family);--awb-caption-title-font-weight:var(--h2_typography-font-weight);--awb-caption-title-font-style:var(--h2_typography-font-style);--awb-caption-title-size:var(--h2_typography-font-size);--awb-caption-title-transform:var(--h2_typography-text-transform);--awb-caption-title-line-height:var(--h2_typography-line-height);--awb-caption-title-letter-spacing:var(--h2_typography-letter-spacing);\"><span class=\"fusion-imageframe imageframe-none imageframe-1 hover-type-none\"><img decoding=\"async\" width=\"800\" height=\"800\" title=\"sylwia_schmidt\" src=\"https:\/\/sylwia.at\/wp-content\/uploads\/2026\/01\/sylwia_schmidt.webp\" data-orig-src=\"https:\/\/sylwia.at\/2025\/wp-content\/uploads\/2026\/01\/sylwia_schmidt-800x800.webp\" alt class=\"lazyload img-responsive wp-image-5508\" srcset=\"data:image\/svg+xml,%3Csvg%20xmlns%3D%27http%3A%2F%2Fwww.w3.org%2F2000%2Fsvg%27%20width%3D%271000%27%20height%3D%271000%27%20viewBox%3D%270%200%201000%201000%27%3E%3Crect%20width%3D%271000%27%20height%3D%271000%27%20fill-opacity%3D%220%22%2F%3E%3C%2Fsvg%3E\" data-srcset=\"https:\/\/sylwia.at\/wp-content\/uploads\/2026\/01\/sylwia_schmidt-66x66.webp 66w, https:\/\/sylwia.at\/wp-content\/uploads\/2026\/01\/sylwia_schmidt-150x150.webp 150w, https:\/\/sylwia.at\/wp-content\/uploads\/2026\/01\/sylwia_schmidt-200x200.webp 200w, https:\/\/sylwia.at\/wp-content\/uploads\/2026\/01\/sylwia_schmidt-300x300.webp 300w, https:\/\/sylwia.at\/wp-content\/uploads\/2026\/01\/sylwia_schmidt-400x400.webp 400w, https:\/\/sylwia.at\/wp-content\/uploads\/2026\/01\/sylwia_schmidt-600x600.webp 600w, https:\/\/sylwia.at\/wp-content\/uploads\/2026\/01\/sylwia_schmidt-768x768.webp 768w, https:\/\/sylwia.at\/wp-content\/uploads\/2026\/01\/sylwia_schmidt-800x800.webp 800w, https:\/\/sylwia.at\/wp-content\/uploads\/2026\/01\/sylwia_schmidt.webp 1000w\" data-sizes=\"auto\" data-orig-sizes=\"(max-width: 1024px) 100vw, (max-width: 640px) 100vw, 600px\" \/><\/span><\/div><div class=\"fusion-text fusion-text-2\"><p style=\"text-align: right;\"><em>In uns selbst liegen die Sterne unseres Gl\u00fccks<\/em><br \/>\n<em>\u2013 Heinrich Heine<\/em><\/p>\n<\/div><\/div><\/div><div class=\"fusion-layout-column fusion_builder_column fusion-builder-column-3 fusion_builder_column_1_1 1_1 fusion-flex-column\" style=\"--awb-bg-size:cover;--awb-width-large:100%;--awb-margin-top-large:0px;--awb-spacing-right-large:1.92%;--awb-margin-bottom-large:20px;--awb-spacing-left-large:1.92%;--awb-width-medium:100%;--awb-order-medium:0;--awb-spacing-right-medium:1.92%;--awb-spacing-left-medium:1.92%;--awb-width-small:100%;--awb-order-small:0;--awb-spacing-right-small:1.92%;--awb-spacing-left-small:1.92%;\"><div class=\"fusion-column-wrapper fusion-column-has-shadow fusion-flex-justify-content-flex-start fusion-content-layout-column\"><div class=\"fusion-separator fusion-full-width-sep\" style=\"align-self: center;margin-left: auto;margin-right: auto;margin-top:50px;margin-bottom:50px;width:100%;\"><div class=\"fusion-separator-border sep-single sep-solid\" style=\"--awb-height:20px;--awb-amount:20px;--awb-sep-color:#dddddd;border-color:#dddddd;border-top-width:1px;\"><\/div><\/div><\/div><\/div><\/div><\/div><div class=\"fusion-fullwidth fullwidth-box fusion-builder-row-3 fusion-flex-container has-pattern-background has-mask-background fusion-parallax-none nonhundred-percent-fullwidth non-hundred-percent-height-scrolling lazyload\" style=\"--awb-border-radius-top-left:0px;--awb-border-radius-top-right:0px;--awb-border-radius-bottom-right:0px;--awb-border-radius-bottom-left:0px;--awb-background-size:cover;--awb-flex-wrap:wrap;\" data-bg=\"https:\/\/sylwia.at\/2025\/wp-content\/uploads\/2025\/10\/berg-scaled.jpeg\" ><div class=\"fusion-builder-row fusion-row fusion-flex-align-items-flex-start fusion-flex-content-wrap\" style=\"max-width:1216.8px;margin-left: calc(-4% \/ 2 );margin-right: calc(-4% \/ 2 );\"><div class=\"fusion-layout-column fusion_builder_column fusion-builder-column-4 fusion_builder_column_1_1 1_1 fusion-flex-column\" style=\"--awb-bg-size:cover;--awb-width-large:100%;--awb-margin-top-large:60px;--awb-spacing-right-large:1.92%;--awb-margin-bottom-large:60px;--awb-spacing-left-large:1.92%;--awb-width-medium:100%;--awb-order-medium:0;--awb-spacing-right-medium:1.92%;--awb-spacing-left-medium:1.92%;--awb-width-small:100%;--awb-order-small:0;--awb-spacing-right-small:1.92%;--awb-spacing-left-small:1.92%;\"><div class=\"fusion-column-wrapper fusion-column-has-shadow fusion-flex-justify-content-flex-start fusion-content-layout-column\"><div class=\"fusion-content-boxes content-boxes columns row fusion-columns-3 fusion-columns-total-3 fusion-content-boxes-1 content-boxes-icon-with-title content-left has-flex-alignment\" style=\"--awb-backgroundcolor:rgba(56,90,88,0.71);--awb-alignment:stretch;--awb-body-color:#ffffff;--awb-title-color:var(--awb-color1);--awb-hover-accent-color:#ffffff;--awb-circle-hover-accent-color:#ffffff;\" data-animationoffset=\"top-into-view\"><div style=\"--awb-backgroundcolor:rgba(56,90,88,0.71);\" class=\"fusion-column content-box-column content-box-column content-box-column-1 col-lg-4 col-md-4 col-sm-4 fusion-content-box-hover content-box-column-first-in-row\"><div class=\"col content-box-wrapper content-wrapper-background link-area-box link-type-button icon-hover-animation-fade\" data-link=\"https:\/\/sylwia.at\/2025\/diagnostik\/autismus-diagnostik\/\" data-link-target=\"_blank\" data-animationoffset=\"top-into-view\"><div class=\"heading icon-left\"><a class=\"heading-link\" style=\"float:left;\" href=\"https:\/\/sylwia.at\/pl\/2025\/diagnostik\/autismus-diagnostik\/\" target=\"_blank\" rel=\"noopener noreferrer\"><h2 class=\"content-box-heading fusion-responsive-typography-calculated\" style=\"--h2_typography-font-size:24px;--fontSize:24;line-height:var(--awb-typography1-line-height);\">Autyzm<\/h2><\/a><\/div><div class=\"fusion-clearfix\"><\/div><div class=\"content-container\">\n<p>Lorem ipsum dolor sit amet, consetetur sadipscing elitr, sed diam nonumy eirmod tempor invidunt ut labore et dolore magna aliquyam erat, sed diam voluptua. At vero eos et accusam et justo duo dolores et ea rebum. Stet clita kasd gubergren, no sea takimata Antworten auf diese und weitere Fragen finden Sie auf meiner Homepage und im Rahmen eines Termins in meiner Praxis.<\/p>\n<\/div><div class=\"fusion-clearfix\"><\/div><a class=\"fusion-read-more-button fusion-content-box-button fusion-button button-default fusion-button-default-size button- button-flat\" style=\"float:left;\" href=\"https:\/\/sylwia.at\/pl\/2025\/diagnostik\/autismus-diagnostik\/\" target=\"_blank\" rel=\"noopener noreferrer\"><span class=\"fusion-button-text\">Dowiedz si\u0119 wi\u0119cej<\/span><\/a><div class=\"fusion-clearfix\"><\/div><\/div><\/div><div style=\"--awb-backgroundcolor:rgba(56,90,88,0.71);\" class=\"fusion-column content-box-column content-box-column content-box-column-2 col-lg-4 col-md-4 col-sm-4 fusion-content-box-hover\"><div class=\"col content-box-wrapper content-wrapper-background link-area-box link-type-button icon-hover-animation-fade\" data-link=\"https:\/\/sylwia.at\/2025\/themen\/erwachsene\/\" data-link-target=\"_blank\" data-animationoffset=\"top-into-view\"><div class=\"heading icon-left\"><a class=\"heading-link\" style=\"float:left;\" href=\"https:\/\/sylwia.at\/pl\/2025\/themen\/erwachsene\/\" target=\"_blank\" rel=\"noopener noreferrer\"><h2 class=\"content-box-heading fusion-responsive-typography-calculated\" style=\"--h2_typography-font-size:24px;--fontSize:24;line-height:var(--awb-typography1-line-height);\">Hipnoza<\/h2><\/a><\/div><div class=\"fusion-clearfix\"><\/div><div class=\"content-container\">\n<p>Dla wi\u0119kszo\u015bci s\u0142owo hipnoza kojarzy si\u0119 z wahade\u0142kiem, czy \u201eodkryciem nie\u015bwiadomego\u201c przez terapeut\u0119 podczas gdy klient smacznie sobie \u015bpi a nast\u0119pnie nic nie pami\u0119ta. Nic bardziej mylnego. Czym jest hipnoza kliniczna, czym jest hipnotarapia, jak dzia\u0142a? Na te i inne pytania znajd\u0105 Pa\u0144stwo odpowied\u017a na mojej stronie internetowej oraz w ramach indywidualnego spotkania.<\/p>\n<\/div><div class=\"fusion-clearfix\"><\/div><a class=\"fusion-read-more-button fusion-content-box-button fusion-button button-default fusion-button-default-size button- button-flat\" style=\"float:left;\" href=\"https:\/\/sylwia.at\/pl\/2025\/themen\/erwachsene\/\" target=\"_blank\" rel=\"noopener noreferrer\"><span class=\"fusion-button-text\">Dowiedz si\u0119 wi\u0119cej<\/span><\/a><div class=\"fusion-clearfix\"><\/div><\/div><\/div><div style=\"--awb-backgroundcolor:rgba(56,90,88,0.71);\" class=\"fusion-column content-box-column content-box-column content-box-column-3 col-lg-4 col-md-4 col-sm-4 fusion-content-box-hover content-box-column-last content-box-column-last-in-row\"><div class=\"col content-box-wrapper content-wrapper-background link-area-box link-type-button icon-hover-animation-fade\" data-link=\"https:\/\/sylwia.at\/2025\/themen\/erwachsene\/\" data-link-target=\"_blank\" data-animationoffset=\"top-into-view\"><div class=\"heading icon-left\"><a class=\"heading-link\" style=\"float:left;\" href=\"https:\/\/sylwia.at\/pl\/2025\/themen\/erwachsene\/\" target=\"_blank\" rel=\"noopener noreferrer\"><h2 class=\"content-box-heading fusion-responsive-typography-calculated\" style=\"--h2_typography-font-size:24px;--fontSize:24;line-height:var(--awb-typography1-line-height);\">Prewencja Burn-out<\/h2><\/a><\/div><div class=\"fusion-clearfix\"><\/div><div class=\"content-container\">Burn-out to w dzisiejszych czasach cz\u0119sto u\u017cywane poj\u0119cie. Czym w zasadzie jest Burn-out, czym r\u00f3\u017cni si\u0119 od depresji? Jak go leczy\u0107, b\u0105d\u017a co jeszcze wa\u017cniejsze, jak mu zapobiega\u0107? Na te i inne pytania znajd\u0105 Pa\u0144stwo odpowied\u017a na mojej stronie internetowej oraz po ustaleniu indywidualnego spotkania.<\/div><div class=\"fusion-clearfix\"><\/div><a class=\"fusion-read-more-button fusion-content-box-button fusion-button button-default fusion-button-default-size button- button-flat\" style=\"float:left;\" href=\"https:\/\/sylwia.at\/pl\/2025\/themen\/erwachsene\/\" target=\"_blank\" rel=\"noopener noreferrer\"><span class=\"fusion-button-text\">Dowiedz si\u0119 wi\u0119cej<\/span><\/a><div class=\"fusion-clearfix\"><\/div><\/div><\/div><div class=\"fusion-clearfix\"><\/div><\/div><\/div><\/div><\/div><\/div><\/p>","protected":false},"excerpt":{"rendered":"","protected":false},"author":1,"featured_media":0,"parent":0,"menu_order":0,"comment_status":"closed","ping_status":"open","template":"100-width.php","meta":{"footnotes":""},"class_list":["post-5517","page","type-page","status-publish","hentry"],"_links":{"self":[{"href":"https:\/\/sylwia.at\/pl\/wp-json\/wp\/v2\/pages\/5517","targetHints":{"allow":["GET"]}}],"collection":[{"href":"https:\/\/sylwia.at\/pl\/wp-json\/wp\/v2\/pages"}],"about":[{"href":"https:\/\/sylwia.at\/pl\/wp-json\/wp\/v2\/types\/page"}],"author":[{"embeddable":true,"href":"https:\/\/sylwia.at\/pl\/wp-json\/wp\/v2\/users\/1"}],"replies":[{"embeddable":true,"href":"https:\/\/sylwia.at\/pl\/wp-json\/wp\/v2\/comments?post=5517"}],"version-history":[{"count":1,"href":"https:\/\/sylwia.at\/pl\/wp-json\/wp\/v2\/pages\/5517\/revisions"}],"predecessor-version":[{"id":5518,"href":"https:\/\/sylwia.at\/pl\/wp-json\/wp\/v2\/pages\/5517\/revisions\/5518"}],"wp:attachment":[{"href":"https:\/\/sylwia.at\/pl\/wp-json\/wp\/v2\/media?parent=5517"}],"curies":[{"name":"wp","href":"https:\/\/api.w.org\/{rel}","templated":true}]}}