{"id":5637,"date":"2026-01-19T12:14:37","date_gmt":"2026-01-19T11:14:37","guid":{"rendered":"https:\/\/sylwia.at\/2025\/?page_id=5637"},"modified":"2026-01-27T17:49:55","modified_gmt":"2026-01-27T16:49:55","slug":"depression-2","status":"publish","type":"page","link":"https:\/\/sylwia.at\/pl\/themen\/erwachsene\/depression-2\/","title":{"rendered":"Depresja"},"content":{"rendered":"<div class=\"fusion-fullwidth fullwidth-box fusion-builder-row-1 fusion-flex-container has-pattern-background has-mask-background nonhundred-percent-fullwidth non-hundred-percent-height-scrolling\" style=\"--awb-border-radius-top-left:0px;--awb-border-radius-top-right:0px;--awb-border-radius-bottom-right:0px;--awb-border-radius-bottom-left:0px;--awb-flex-wrap:wrap;\" ><div class=\"fusion-builder-row fusion-row fusion-flex-align-items-flex-start fusion-flex-content-wrap\" style=\"max-width:1216.8px;margin-left: calc(-4% \/ 2 );margin-right: calc(-4% \/ 2 );\"><div class=\"fusion-layout-column fusion_builder_column fusion-builder-column-0 fusion_builder_column_3_5 3_5 fusion-flex-column\" style=\"--awb-bg-size:cover;--awb-width-large:60%;--awb-margin-top-large:0px;--awb-spacing-right-large:3.2%;--awb-margin-bottom-large:20px;--awb-spacing-left-large:3.2%;--awb-width-medium:100%;--awb-order-medium:0;--awb-spacing-right-medium:1.92%;--awb-spacing-left-medium:1.92%;--awb-width-small:100%;--awb-order-small:0;--awb-spacing-right-small:1.92%;--awb-spacing-left-small:1.92%;\"><div class=\"fusion-column-wrapper fusion-column-has-shadow fusion-flex-justify-content-flex-start fusion-content-layout-column\"><div class=\"fusion-text fusion-text-1\"><h1>Depresja<\/h1>\n<div class=\"one-of-two vertical-center\">\n<div>\n<p>Obni\u017cony nastr\u00f3j, brak si\u0142, brak nadziei na przysz\u0142o\u015b\u0107 mog\u0105 by\u0107 objawami depresji. Oczywi\u015bcie ka\u017cdy ma czasami gorszy dzie\u0144, co jeszcze nie jest depresj\u0105. Warto wiedzie\u0107: Depresja to nie dolegliwo\u015b\u0107 kt\u00f3ra przychodzi z dnia na dzie\u0144. Dlatego tak wa\u017cne jest jak najszybsze rozpozanie i terapia. Im dalej posuni\u0119ta tym trudniej si\u0119 z niej wyrwa\u0107. Rodzina, partner, niemal ca\u0142e otoczenie zar\u00f3wno prywatne jak i zawodowe cz\u0119sto nie wie jak postepowa\u0107 z osob\u0105 chor\u0105 na depresje. Bezsilno\u015b\u0107 i niemo\u017cno\u015b\u0107 pocieszenia bliskiej nam osoby bawaj\u0105 bardzo obci\u0105\u017caj\u0105ce. W moim prywatnych gabinecie oferuje szerok\u0105 ofert\u0119 pomocy dla os\u00f3b cierpi\u0105cych na depresj\u0119 i ich rodzin.<\/p>\n<\/div>\n<\/div>\n<div class=\"one-of-two vertical-center\"><\/div>\n<\/div><\/div><\/div><div class=\"fusion-layout-column fusion_builder_column fusion-builder-column-1 fusion_builder_column_2_5 2_5 fusion-flex-column\" style=\"--awb-padding-top:20px;--awb-bg-size:cover;--awb-width-large:40%;--awb-margin-top-large:0px;--awb-spacing-right-large:4.8%;--awb-margin-bottom-large:20px;--awb-spacing-left-large:4.8%;--awb-width-medium:100%;--awb-order-medium:0;--awb-spacing-right-medium:1.92%;--awb-spacing-left-medium:1.92%;--awb-width-small:100%;--awb-order-small:0;--awb-spacing-right-small:1.92%;--awb-spacing-left-small:1.92%;\" data-scroll-devices=\"small-visibility,medium-visibility,large-visibility\"><div class=\"fusion-column-wrapper fusion-column-has-shadow fusion-flex-justify-content-flex-start fusion-content-layout-column\"><div class=\"fusion-image-element\" style=\"--awb-caption-title-font-family:var(--h2_typography-font-family);--awb-caption-title-font-weight:var(--h2_typography-font-weight);--awb-caption-title-font-style:var(--h2_typography-font-style);--awb-caption-title-size:var(--h2_typography-font-size);--awb-caption-title-transform:var(--h2_typography-text-transform);--awb-caption-title-line-height:var(--h2_typography-line-height);--awb-caption-title-letter-spacing:var(--h2_typography-letter-spacing);\"><span class=\"fusion-imageframe imageframe-none imageframe-1 hover-type-none\"><img decoding=\"async\" width=\"800\" height=\"450\" title=\"A man is sitting depressively in a room with a ladder\" src=\"https:\/\/sylwia.at\/wp-content\/uploads\/2026\/01\/depression.jpeg\" data-orig-src=\"https:\/\/sylwia.at\/2025\/wp-content\/uploads\/2026\/01\/depression-800x450.jpeg\" alt class=\"lazyload img-responsive wp-image-5683\" srcset=\"data:image\/svg+xml,%3Csvg%20xmlns%3D%27http%3A%2F%2Fwww.w3.org%2F2000%2Fsvg%27%20width%3D%271920%27%20height%3D%271080%27%20viewBox%3D%270%200%201920%201080%27%3E%3Crect%20width%3D%271920%27%20height%3D%271080%27%20fill-opacity%3D%220%22%2F%3E%3C%2Fsvg%3E\" data-srcset=\"https:\/\/sylwia.at\/wp-content\/uploads\/2026\/01\/depression-200x113.jpeg 200w, https:\/\/sylwia.at\/wp-content\/uploads\/2026\/01\/depression-400x225.jpeg 400w, https:\/\/sylwia.at\/wp-content\/uploads\/2026\/01\/depression-600x338.jpeg 600w, https:\/\/sylwia.at\/wp-content\/uploads\/2026\/01\/depression-800x450.jpeg 800w, https:\/\/sylwia.at\/wp-content\/uploads\/2026\/01\/depression-1200x675.jpeg 1200w, https:\/\/sylwia.at\/wp-content\/uploads\/2026\/01\/depression.jpeg 1920w\" data-sizes=\"auto\" data-orig-sizes=\"(max-width: 1024px) 100vw, (max-width: 640px) 100vw, 600px\" \/><\/span><\/div><\/div><\/div><\/div><\/div>","protected":false},"excerpt":{"rendered":"","protected":false},"author":1,"featured_media":0,"parent":5223,"menu_order":0,"comment_status":"closed","ping_status":"closed","template":"","meta":{"footnotes":""},"class_list":["post-5637","page","type-page","status-publish","hentry"],"_links":{"self":[{"href":"https:\/\/sylwia.at\/pl\/wp-json\/wp\/v2\/pages\/5637","targetHints":{"allow":["GET"]}}],"collection":[{"href":"https:\/\/sylwia.at\/pl\/wp-json\/wp\/v2\/pages"}],"about":[{"href":"https:\/\/sylwia.at\/pl\/wp-json\/wp\/v2\/types\/page"}],"author":[{"embeddable":true,"href":"https:\/\/sylwia.at\/pl\/wp-json\/wp\/v2\/users\/1"}],"replies":[{"embeddable":true,"href":"https:\/\/sylwia.at\/pl\/wp-json\/wp\/v2\/comments?post=5637"}],"version-history":[{"count":2,"href":"https:\/\/sylwia.at\/pl\/wp-json\/wp\/v2\/pages\/5637\/revisions"}],"predecessor-version":[{"id":5685,"href":"https:\/\/sylwia.at\/pl\/wp-json\/wp\/v2\/pages\/5637\/revisions\/5685"}],"up":[{"embeddable":true,"href":"https:\/\/sylwia.at\/pl\/wp-json\/wp\/v2\/pages\/5223"}],"wp:attachment":[{"href":"https:\/\/sylwia.at\/pl\/wp-json\/wp\/v2\/media?parent=5637"}],"curies":[{"name":"wp","href":"https:\/\/api.w.org\/{rel}","templated":true}]}}