{"id":5654,"date":"2026-01-27T17:41:58","date_gmt":"2026-01-27T16:41:58","guid":{"rendered":"https:\/\/sylwia.at\/2025\/?page_id=5654"},"modified":"2026-01-27T17:41:58","modified_gmt":"2026-01-27T16:41:58","slug":"schizophrenie","status":"publish","type":"page","link":"https:\/\/sylwia.at\/pl\/themen\/erwachsene\/schizophrenie\/","title":{"rendered":"Schizofrenia"},"content":{"rendered":"<div class=\"fusion-fullwidth fullwidth-box fusion-builder-row-1 fusion-flex-container has-pattern-background has-mask-background nonhundred-percent-fullwidth non-hundred-percent-height-scrolling\" style=\"--awb-border-radius-top-left:0px;--awb-border-radius-top-right:0px;--awb-border-radius-bottom-right:0px;--awb-border-radius-bottom-left:0px;--awb-flex-wrap:wrap;\" ><div class=\"fusion-builder-row fusion-row fusion-flex-align-items-flex-start fusion-flex-content-wrap\" style=\"max-width:1216.8px;margin-left: calc(-4% \/ 2 );margin-right: calc(-4% \/ 2 );\"><div class=\"fusion-layout-column fusion_builder_column fusion-builder-column-0 fusion_builder_column_3_5 3_5 fusion-flex-column\" style=\"--awb-bg-size:cover;--awb-width-large:60%;--awb-margin-top-large:0px;--awb-spacing-right-large:3.2%;--awb-margin-bottom-large:20px;--awb-spacing-left-large:3.2%;--awb-width-medium:100%;--awb-order-medium:0;--awb-spacing-right-medium:1.92%;--awb-spacing-left-medium:1.92%;--awb-width-small:100%;--awb-order-small:0;--awb-spacing-right-small:1.92%;--awb-spacing-left-small:1.92%;\"><div class=\"fusion-column-wrapper fusion-column-has-shadow fusion-flex-justify-content-flex-start fusion-content-layout-column\"><div class=\"fusion-text fusion-text-1\"><h1>Schizofrenia<\/h1>\n<p>Schizofrenia tak cz\u0119sto mylona z \u201erozdwojeniem ja\u017ani\u201c, nie ma z tym dysocjacyjnym zaburzeniem abolutnie nic wsp\u00f3lnego. Najcz\u0119stszym objawem schizofrenii s\u0105 zaburzenia my\u015blenia (tzw. objawy psychotyczne), np. poczucie nasy\u0142ania my\u015bli, czy g\u0142os\u00f3w, poczucie bycia obserwowanym itp. Przebieg i symptomy schozofrenii s\u0105 bardzo indywidualne. Niekt\u00f3rzy pacjenci s\u0105 w stanie przy odpowiednim leczeniu \u017cy\u0107 zupe\u0142nie normalnie, inni z kolei potrzebuja wsparcia (chronionene o\u015brodki pracy, czy miejsca zamieszkania z ca\u0142odobowym wsparciem). W zale\u017cno\u015bci od sytuacji, pojawiaj\u0105 si\u0119 wszelakie trudno\u015bci zar\u00f3wno dla pacjenta jakm i jego najbli\u017cszych. Porada i terapia psychologiczna pomaga si\u0119 z nimi upora\u0107 i w znaczynm stopniu u\u0142atwia funkckonowanie z chorob\u0105.<\/p>\n<\/div><\/div><\/div><div class=\"fusion-layout-column fusion_builder_column fusion-builder-column-1 fusion_builder_column_2_5 2_5 fusion-flex-column\" style=\"--awb-padding-top:20px;--awb-bg-size:cover;--awb-width-large:40%;--awb-margin-top-large:0px;--awb-spacing-right-large:4.8%;--awb-margin-bottom-large:20px;--awb-spacing-left-large:4.8%;--awb-width-medium:100%;--awb-order-medium:0;--awb-spacing-right-medium:1.92%;--awb-spacing-left-medium:1.92%;--awb-width-small:100%;--awb-order-small:0;--awb-spacing-right-small:1.92%;--awb-spacing-left-small:1.92%;\" data-scroll-devices=\"small-visibility,medium-visibility,large-visibility\"><div class=\"fusion-column-wrapper fusion-column-has-shadow fusion-flex-justify-content-flex-start fusion-content-layout-column\"><div class=\"fusion-image-element\" style=\"--awb-caption-title-font-family:var(--h2_typography-font-family);--awb-caption-title-font-weight:var(--h2_typography-font-weight);--awb-caption-title-font-style:var(--h2_typography-font-style);--awb-caption-title-size:var(--h2_typography-font-size);--awb-caption-title-transform:var(--h2_typography-text-transform);--awb-caption-title-line-height:var(--h2_typography-line-height);--awb-caption-title-letter-spacing:var(--h2_typography-letter-spacing);\"><span class=\"fusion-imageframe imageframe-none imageframe-1 hover-type-none\"><img decoding=\"async\" width=\"800\" height=\"531\" title=\"Warndreieck Schizophrenie\" src=\"https:\/\/sylwia.at\/wp-content\/uploads\/2026\/01\/schizophrenie.jpeg\" data-orig-src=\"https:\/\/sylwia.at\/2025\/wp-content\/uploads\/2026\/01\/schizophrenie-800x531.jpeg\" alt class=\"lazyload img-responsive wp-image-5655\" srcset=\"data:image\/svg+xml,%3Csvg%20xmlns%3D%27http%3A%2F%2Fwww.w3.org%2F2000%2Fsvg%27%20width%3D%271920%27%20height%3D%271274%27%20viewBox%3D%270%200%201920%201274%27%3E%3Crect%20width%3D%271920%27%20height%3D%271274%27%20fill-opacity%3D%220%22%2F%3E%3C%2Fsvg%3E\" data-srcset=\"https:\/\/sylwia.at\/wp-content\/uploads\/2026\/01\/schizophrenie-200x133.jpeg 200w, https:\/\/sylwia.at\/wp-content\/uploads\/2026\/01\/schizophrenie-400x265.jpeg 400w, https:\/\/sylwia.at\/wp-content\/uploads\/2026\/01\/schizophrenie-600x398.jpeg 600w, https:\/\/sylwia.at\/wp-content\/uploads\/2026\/01\/schizophrenie-800x531.jpeg 800w, https:\/\/sylwia.at\/wp-content\/uploads\/2026\/01\/schizophrenie-1200x796.jpeg 1200w, https:\/\/sylwia.at\/wp-content\/uploads\/2026\/01\/schizophrenie.jpeg 1920w\" data-sizes=\"auto\" data-orig-sizes=\"(max-width: 1024px) 100vw, (max-width: 640px) 100vw, 600px\" \/><\/span><\/div><\/div><\/div><\/div><\/div>","protected":false},"excerpt":{"rendered":"","protected":false},"author":1,"featured_media":0,"parent":5223,"menu_order":0,"comment_status":"closed","ping_status":"closed","template":"","meta":{"footnotes":""},"class_list":["post-5654","page","type-page","status-publish","hentry"],"_links":{"self":[{"href":"https:\/\/sylwia.at\/pl\/wp-json\/wp\/v2\/pages\/5654","targetHints":{"allow":["GET"]}}],"collection":[{"href":"https:\/\/sylwia.at\/pl\/wp-json\/wp\/v2\/pages"}],"about":[{"href":"https:\/\/sylwia.at\/pl\/wp-json\/wp\/v2\/types\/page"}],"author":[{"embeddable":true,"href":"https:\/\/sylwia.at\/pl\/wp-json\/wp\/v2\/users\/1"}],"replies":[{"embeddable":true,"href":"https:\/\/sylwia.at\/pl\/wp-json\/wp\/v2\/comments?post=5654"}],"version-history":[{"count":1,"href":"https:\/\/sylwia.at\/pl\/wp-json\/wp\/v2\/pages\/5654\/revisions"}],"predecessor-version":[{"id":5657,"href":"https:\/\/sylwia.at\/pl\/wp-json\/wp\/v2\/pages\/5654\/revisions\/5657"}],"up":[{"embeddable":true,"href":"https:\/\/sylwia.at\/pl\/wp-json\/wp\/v2\/pages\/5223"}],"wp:attachment":[{"href":"https:\/\/sylwia.at\/pl\/wp-json\/wp\/v2\/media?parent=5654"}],"curies":[{"name":"wp","href":"https:\/\/api.w.org\/{rel}","templated":true}]}}