{"id":5664,"date":"2026-01-27T17:45:16","date_gmt":"2026-01-27T16:45:16","guid":{"rendered":"https:\/\/sylwia.at\/2025\/?page_id=5664"},"modified":"2026-01-27T17:45:16","modified_gmt":"2026-01-27T16:45:16","slug":"schmerzlinderung","status":"publish","type":"page","link":"https:\/\/sylwia.at\/pl\/themen\/erwachsene\/schmerzlinderung\/","title":{"rendered":"Terapia b\u00f3lu"},"content":{"rendered":"<div class=\"fusion-fullwidth fullwidth-box fusion-builder-row-1 fusion-flex-container has-pattern-background has-mask-background nonhundred-percent-fullwidth non-hundred-percent-height-scrolling\" style=\"--awb-border-radius-top-left:0px;--awb-border-radius-top-right:0px;--awb-border-radius-bottom-right:0px;--awb-border-radius-bottom-left:0px;--awb-flex-wrap:wrap;\" ><div class=\"fusion-builder-row fusion-row fusion-flex-align-items-flex-start fusion-flex-content-wrap\" style=\"max-width:1216.8px;margin-left: calc(-4% \/ 2 );margin-right: calc(-4% \/ 2 );\"><div class=\"fusion-layout-column fusion_builder_column fusion-builder-column-0 fusion_builder_column_3_5 3_5 fusion-flex-column\" style=\"--awb-bg-size:cover;--awb-width-large:60%;--awb-margin-top-large:0px;--awb-spacing-right-large:3.2%;--awb-margin-bottom-large:20px;--awb-spacing-left-large:3.2%;--awb-width-medium:100%;--awb-order-medium:0;--awb-spacing-right-medium:1.92%;--awb-spacing-left-medium:1.92%;--awb-width-small:100%;--awb-order-small:0;--awb-spacing-right-small:1.92%;--awb-spacing-left-small:1.92%;\"><div class=\"fusion-column-wrapper fusion-column-has-shadow fusion-flex-justify-content-flex-start fusion-content-layout-column\"><div class=\"fusion-text fusion-text-1\"><h1>Terapia b\u00f3lu<\/h1>\n<p>Temat b\u00f3lu dotyczy niemal ka\u017cdego\u2026od okazjonalnych b\u00f3li g\u0142owy po masywne chroniczne dolegliwo\u015bci, kt\u00f3re uniemo\u017cliwiaj\u0105 normalne funkcjonowanie, strach przed operacj\u0105 czy wizyt\u0105 u dentysty etc..- w ka\u017cdej z tych i wielu innych sytuacjach istnieje mo\u017cliwo\u015b\u0107 pokonania b\u0105d\u017a przynajmniej u\u015bmierzenia b\u00f3lu. W moim gabineie oferuj\u0119 szerok\u0105 gam\u0119 sposob\u00f3w u\u015bmierzania b\u00f3lu od stanadardowych technik ralaksacyjnych, poprzez indywidualn\u0105 madytacj\u0119 po hipnoz\u0119.<\/p>\n<\/div><\/div><\/div><div class=\"fusion-layout-column fusion_builder_column fusion-builder-column-1 fusion_builder_column_2_5 2_5 fusion-flex-column\" style=\"--awb-padding-top:20px;--awb-bg-size:cover;--awb-width-large:40%;--awb-margin-top-large:0px;--awb-spacing-right-large:4.8%;--awb-margin-bottom-large:20px;--awb-spacing-left-large:4.8%;--awb-width-medium:100%;--awb-order-medium:0;--awb-spacing-right-medium:1.92%;--awb-spacing-left-medium:1.92%;--awb-width-small:100%;--awb-order-small:0;--awb-spacing-right-small:1.92%;--awb-spacing-left-small:1.92%;\" data-scroll-devices=\"small-visibility,medium-visibility,large-visibility\"><div class=\"fusion-column-wrapper fusion-column-has-shadow fusion-flex-justify-content-flex-start fusion-content-layout-column\"><div class=\"fusion-image-element\" style=\"--awb-caption-title-font-family:var(--h2_typography-font-family);--awb-caption-title-font-weight:var(--h2_typography-font-weight);--awb-caption-title-font-style:var(--h2_typography-font-style);--awb-caption-title-size:var(--h2_typography-font-size);--awb-caption-title-transform:var(--h2_typography-text-transform);--awb-caption-title-line-height:var(--h2_typography-line-height);--awb-caption-title-letter-spacing:var(--h2_typography-letter-spacing);\"><span class=\"fusion-imageframe imageframe-none imageframe-1 hover-type-none\"><img decoding=\"async\" width=\"800\" height=\"412\" title=\"Banner &#8211; Garden with beautiful flowers and butterfly\" src=\"https:\/\/sylwia.at\/wp-content\/uploads\/2026\/01\/schmerzlinderung.jpeg\" data-orig-src=\"https:\/\/sylwia.at\/2025\/wp-content\/uploads\/2026\/01\/schmerzlinderung-800x412.jpeg\" alt class=\"lazyload img-responsive wp-image-5665\" srcset=\"data:image\/svg+xml,%3Csvg%20xmlns%3D%27http%3A%2F%2Fwww.w3.org%2F2000%2Fsvg%27%20width%3D%271200%27%20height%3D%27618%27%20viewBox%3D%270%200%201200%20618%27%3E%3Crect%20width%3D%271200%27%20height%3D%27618%27%20fill-opacity%3D%220%22%2F%3E%3C%2Fsvg%3E\" data-srcset=\"https:\/\/sylwia.at\/wp-content\/uploads\/2026\/01\/schmerzlinderung-200x103.jpeg 200w, https:\/\/sylwia.at\/wp-content\/uploads\/2026\/01\/schmerzlinderung-400x206.jpeg 400w, https:\/\/sylwia.at\/wp-content\/uploads\/2026\/01\/schmerzlinderung-600x309.jpeg 600w, https:\/\/sylwia.at\/wp-content\/uploads\/2026\/01\/schmerzlinderung-800x412.jpeg 800w, https:\/\/sylwia.at\/wp-content\/uploads\/2026\/01\/schmerzlinderung.jpeg 1200w\" data-sizes=\"auto\" data-orig-sizes=\"(max-width: 1024px) 100vw, (max-width: 640px) 100vw, 600px\" \/><\/span><\/div><\/div><\/div><\/div><\/div>","protected":false},"excerpt":{"rendered":"","protected":false},"author":1,"featured_media":0,"parent":5223,"menu_order":0,"comment_status":"closed","ping_status":"closed","template":"","meta":{"footnotes":""},"class_list":["post-5664","page","type-page","status-publish","hentry"],"_links":{"self":[{"href":"https:\/\/sylwia.at\/pl\/wp-json\/wp\/v2\/pages\/5664","targetHints":{"allow":["GET"]}}],"collection":[{"href":"https:\/\/sylwia.at\/pl\/wp-json\/wp\/v2\/pages"}],"about":[{"href":"https:\/\/sylwia.at\/pl\/wp-json\/wp\/v2\/types\/page"}],"author":[{"embeddable":true,"href":"https:\/\/sylwia.at\/pl\/wp-json\/wp\/v2\/users\/1"}],"replies":[{"embeddable":true,"href":"https:\/\/sylwia.at\/pl\/wp-json\/wp\/v2\/comments?post=5664"}],"version-history":[{"count":1,"href":"https:\/\/sylwia.at\/pl\/wp-json\/wp\/v2\/pages\/5664\/revisions"}],"predecessor-version":[{"id":5667,"href":"https:\/\/sylwia.at\/pl\/wp-json\/wp\/v2\/pages\/5664\/revisions\/5667"}],"up":[{"embeddable":true,"href":"https:\/\/sylwia.at\/pl\/wp-json\/wp\/v2\/pages\/5223"}],"wp:attachment":[{"href":"https:\/\/sylwia.at\/pl\/wp-json\/wp\/v2\/media?parent=5664"}],"curies":[{"name":"wp","href":"https:\/\/api.w.org\/{rel}","templated":true}]}}